{"id":15,"date":"2021-05-06T13:04:58","date_gmt":"2021-05-06T12:04:58","guid":{"rendered":"http:\/\/www.psyceliapourchayre.fr\/?page_id=15"},"modified":"2021-10-01T10:53:13","modified_gmt":"2021-10-01T09:53:13","slug":"qui-suis-je","status":"publish","type":"page","link":"https:\/\/www.psyceliapourchayre.fr\/?page_id=15","title":{"rendered":"Qui suis-je ?"},"content":{"rendered":"<h1 style=\"text-align: justify;\"><span style=\"color: #404d69;\">Mon parcours\u00a0:<\/span><\/h1>\n<p style=\"text-align: justify;\"><strong><span style=\"color: #4ad2ae;\">Quelles ont \u00e9t\u00e9 mes sources d\u2019inspirations et mes <img fetchpriority=\"high\" decoding=\"async\" class=\"alignright wp-image-17 size-medium\" src=\"http:\/\/psyceliapourchayre.fr\/wp-content\/uploads\/2016\/05\/004NB-200x300.jpg\" alt=\"C\u00e9lia Pourchayre\" width=\"200\" height=\"300\" srcset=\"http:\/\/psyceliapourchayre.fr\/wp-content\/uploads\/2016\/05\/004NB-200x300.jpg 200w, http:\/\/psyceliapourchayre.fr\/wp-content\/uploads\/2016\/05\/004NB.jpg 600w\" sizes=\"(max-width: 200px) 100vw, 200px\" \/>diff\u00e9rentes exp\u00e9riences pour \u00eatre actuellement psychoth\u00e9rapeute<\/span> <span style=\"color: #4ad2ae;\">?<\/span><\/strong><\/p>\n<p style=\"text-align: justify;\">Apr\u00e8s de nombreuses ann\u00e9es d\u2019animation qui ont d\u00e9velopp\u00e9 ma cr\u00e9ativit\u00e9, j\u2019ai travaill\u00e9 en institution m\u00e9dico-sociale aupr\u00e8s d\u2019enfants et d\u2019adultes, atteints d&rsquo;autisme et en situation de polyhandicap comme \u00e9ducatrice sp\u00e9cialis\u00e9e. Ce m\u00e9tier riche et passionnant a \u00e9t\u00e9 le point de d\u00e9part d\u2019une carri\u00e8re que j\u2019ai voulu poursuivre par des accompagnements plus individualis\u00e9s.<\/p>\n<p style=\"text-align: justify;\">J\u2019ai donc continu\u00e9 ce parcours de formation pour obtenir un master 2 de psychologie de d\u00e9veloppement de l\u2019enfant et de l\u2019adolescent. J\u2019ai alors \u00e9tendu mes comp\u00e9tences pour la passation de test de QI et de personnalit\u00e9.<\/p>\n<p style=\"text-align: justify;\">Consciente qu\u2019il me fallait \u00e9largir mes comp\u00e9tences \u00e0 d&rsquo;autres outils d\u2019\u00e9valuation, je me suis sp\u00e9cialis\u00e9e dans des outils d\u2019expression, li\u00e9s au sensoriel et au corporel, me permettant d\u2019accompagner toute personne, de tout \u00e2ge, dans sa probl\u00e9matique personnelle. Je me suis particuli\u00e8rement int\u00e9ress\u00e9e \u00e0 la force de projection du mental dans la gestion de ses \u00e9motions, mais surtout \u00e0 la mobilisation des comp\u00e9tences de chaque patient.<\/p>\n<p style=\"text-align: justify;\">Actuellement, je travaille \u00e0 la Maison d&rsquo;Accueil Sp\u00e9cialis\u00e9 de la Chalouette (Association Autisme Essonne) comme psychologue aupr\u00e8s d&rsquo;adultes avec autisme.<\/p>\n<p style=\"text-align: justify;\">Je propose \u00e9galement un suivi th\u00e9rapeutique ou des s\u00e9ances de bilan et d\u2019\u00e9valuation en cabinet. Je peux utiliser la parole, le toucher, les sons, le dessin, l\u2019imaginaire ou tout autre outil favorisant l\u2019expression, la compr\u00e9hension de soi et l\u2019\u00e9quilibre interne.<\/p>\n<h1 style=\"text-align: justify;\"><span style=\"color: #404d69;\">Ma philosophie :<\/span><\/h1>\n<p>Suite \u00e0 mes diff\u00e9rentes exp\u00e9riences professionnelles, il me semble que l\u2019apprentissage et la mobilisation sont b\u00e9n\u00e9fiques quand ils sont ludiques et passent naturellement par le corps.<\/p>\n<p>Pour les enfants, je propose donc du mat\u00e9riel color\u00e9, vari\u00e9 et favorisant l\u2019imaginaire et la curiosit\u00e9. Le jeu permet d&rsquo;acc\u00e9der au monde int\u00e9rieur de l\u2019enfant, de symboliser ses angoisses \u00e9ventuelles et de comprendre son d\u00e9veloppement en fonction de sa classe d\u2019\u00e2ge. C\u2019est \u00e9galement une bonne m\u00e9diation pour entrer en relation.<\/p>\n<p>Le corps \u00e9tant aussi vecteur de nos \u00e9motions et de nos ressentis, je mets en place pour les adolescents et les adultes diff\u00e9rentes techniques pour apporter de la d\u00e9tente, permettre le l\u00e2ch\u00e9 prise et\u00a0 favoriser la gestion des \u00e9motions. C\u2019est donc, entre autre, en utilisant l\u2019EFT ( Emotional Freedom Technique) et la PNL\u00a0 (Programmation neuro Linguistique) que je peux aborder cela en th\u00e9rapie.<\/p>\n<p>Pour toutes personnes, le corps me semble \u00eatre un des premiers outils \u00e0 privil\u00e9gier pour recr\u00e9er un \u00e9quilibre aussi bien psychique que physique. Le corps, sa mobilit\u00e9, sa position, son \u00e9quilibre, ses somatisations, ses douleurs sont, \u00e0 mon sens, le reflet de notre \u00e9volution dans la vie, de notre personnalit\u00e9 et de notre r\u00e9agir au monde ext\u00e9rieur et aux perturbations \u00e9ventuelles. J\u2019ai donc fond\u00e9 une partie de mon accompagnement th\u00e9rapeutique sur le mouvement, entre autre par l\u2019int\u00e9gration des r\u00e9flexes et la brain gym.<\/p>\n<p><strong><span style=\"color: #4ad2ae;\">Le jeu, la parole, l&rsquo;\u00e9motion, le mouvement, la d\u00e9couverte des potentialit\u00e9s du patient, sont des axes de ma pratique.<\/span><\/strong><\/p>\n<p>&nbsp;<\/p>\n<p>Retrouvez mes <a href=\"http:\/\/www.psyceliapourchayre.fr\/?p=341\">actualit\u00e9s et mes prochaines conf\u00e9rences<\/a>.<\/p>\n","protected":false},"excerpt":{"rendered":"<p>Mon parcours\u00a0: Quelles ont \u00e9t\u00e9 mes sources d\u2019inspirations et mes diff\u00e9rentes exp\u00e9riences pour \u00eatre actuellement psychoth\u00e9rapeute ? Apr\u00e8s de nombreuses ann\u00e9es d\u2019animation qui ont d\u00e9velopp\u00e9 ma cr\u00e9ativit\u00e9, j\u2019ai travaill\u00e9 en institution m\u00e9dico-sociale aupr\u00e8s d\u2019enfants et d\u2019adultes, atteints d&rsquo;autisme et en&hellip; <\/p>\n","protected":false},"author":1,"featured_media":0,"parent":0,"menu_order":0,"comment_status":"closed","ping_status":"closed","template":"","meta":{"footnotes":""},"class_list":["post-15","page","type-page","status-publish","hentry"],"yoast_head":"<!-- This site is optimized with the Yoast SEO plugin v27.4 - https:\/\/yoast.com\/product\/yoast-seo-wordpress\/ -->\n<title>C\u00e9lia Pourchayre - Mon parcours<\/title>\n<meta name=\"description\" content=\"Quelles ont \u00e9t\u00e9 mes sources d\u2019inspirations et mes diff\u00e9rentes exp\u00e9riences pour \u00eatre actuellement psychoth\u00e9rapeute ? Voici mon parcours.\" \/>\n<meta name=\"robots\" content=\"index, follow, max-snippet:-1, max-image-preview:large, max-video-preview:-1\" \/>\n<link rel=\"canonical\" href=\"https:\/\/www.psyceliapourchayre.fr\/?page_id=15\" \/>\n<meta property=\"og:locale\" content=\"fr_FR\" \/>\n<meta property=\"og:type\" content=\"article\" \/>\n<meta property=\"og:title\" content=\"C\u00e9lia Pourchayre - Mon parcours\" \/>\n<meta property=\"og:description\" content=\"Quelles ont \u00e9t\u00e9 mes sources d\u2019inspirations et mes diff\u00e9rentes exp\u00e9riences pour \u00eatre actuellement psychoth\u00e9rapeute ? Voici mon parcours.\" \/>\n<meta property=\"og:url\" content=\"https:\/\/www.psyceliapourchayre.fr\/?page_id=15\" \/>\n<meta property=\"og:site_name\" content=\"C\u00e9lia Pourchayre - Psychologue\" \/>\n<meta property=\"article:modified_time\" content=\"2021-10-01T09:53:13+00:00\" \/>\n<meta property=\"og:image\" content=\"http:\/\/psyceliapourchayre.fr\/wp-content\/uploads\/2016\/05\/004NB-200x300.jpg\" \/>\n<meta name=\"twitter:card\" content=\"summary_large_image\" \/>\n<meta name=\"twitter:label1\" content=\"Dur\u00e9e de lecture estim\u00e9e\" \/>\n\t<meta name=\"twitter:data1\" content=\"3 minutes\" \/>\n<script type=\"application\/ld+json\" class=\"yoast-schema-graph\">{\"@context\":\"https:\\\/\\\/schema.org\",\"@graph\":[{\"@type\":\"WebPage\",\"@id\":\"https:\\\/\\\/www.psyceliapourchayre.fr\\\/?page_id=15\",\"url\":\"https:\\\/\\\/www.psyceliapourchayre.fr\\\/?page_id=15\",\"name\":\"C\u00e9lia Pourchayre - Mon parcours\",\"isPartOf\":{\"@id\":\"https:\\\/\\\/www.psyceliapourchayre.fr\\\/#website\"},\"primaryImageOfPage\":{\"@id\":\"https:\\\/\\\/www.psyceliapourchayre.fr\\\/?page_id=15#primaryimage\"},\"image\":{\"@id\":\"https:\\\/\\\/www.psyceliapourchayre.fr\\\/?page_id=15#primaryimage\"},\"thumbnailUrl\":\"http:\\\/\\\/psyceliapourchayre.fr\\\/wp-content\\\/uploads\\\/2016\\\/05\\\/004NB-200x300.jpg\",\"datePublished\":\"2021-05-06T12:04:58+00:00\",\"dateModified\":\"2021-10-01T09:53:13+00:00\",\"description\":\"Quelles ont \u00e9t\u00e9 mes sources d\u2019inspirations et mes diff\u00e9rentes exp\u00e9riences pour \u00eatre actuellement psychoth\u00e9rapeute ? Voici mon parcours.\",\"breadcrumb\":{\"@id\":\"https:\\\/\\\/www.psyceliapourchayre.fr\\\/?page_id=15#breadcrumb\"},\"inLanguage\":\"fr-FR\",\"potentialAction\":[{\"@type\":\"ReadAction\",\"target\":[\"https:\\\/\\\/www.psyceliapourchayre.fr\\\/?page_id=15\"]}]},{\"@type\":\"ImageObject\",\"inLanguage\":\"fr-FR\",\"@id\":\"https:\\\/\\\/www.psyceliapourchayre.fr\\\/?page_id=15#primaryimage\",\"url\":\"http:\\\/\\\/psyceliapourchayre.fr\\\/wp-content\\\/uploads\\\/2016\\\/05\\\/004NB-200x300.jpg\",\"contentUrl\":\"http:\\\/\\\/psyceliapourchayre.fr\\\/wp-content\\\/uploads\\\/2016\\\/05\\\/004NB-200x300.jpg\"},{\"@type\":\"BreadcrumbList\",\"@id\":\"https:\\\/\\\/www.psyceliapourchayre.fr\\\/?page_id=15#breadcrumb\",\"itemListElement\":[{\"@type\":\"ListItem\",\"position\":1,\"name\":\"Accueil\",\"item\":\"https:\\\/\\\/www.psyceliapourchayre.fr\\\/\"},{\"@type\":\"ListItem\",\"position\":2,\"name\":\"Qui suis-je ?\"}]},{\"@type\":\"WebSite\",\"@id\":\"https:\\\/\\\/www.psyceliapourchayre.fr\\\/#website\",\"url\":\"https:\\\/\\\/www.psyceliapourchayre.fr\\\/\",\"name\":\"C\u00e9lia Pourchayre - Psychologue\",\"description\":\"Avec vous, autour de votre objectif, de vos ressentis et de vos \u00e9motions.\",\"potentialAction\":[{\"@type\":\"SearchAction\",\"target\":{\"@type\":\"EntryPoint\",\"urlTemplate\":\"https:\\\/\\\/www.psyceliapourchayre.fr\\\/?s={search_term_string}\"},\"query-input\":{\"@type\":\"PropertyValueSpecification\",\"valueRequired\":true,\"valueName\":\"search_term_string\"}}],\"inLanguage\":\"fr-FR\"}]}<\/script>\n<!-- \/ Yoast SEO plugin. -->","yoast_head_json":{"title":"C\u00e9lia Pourchayre - Mon parcours","description":"Quelles ont \u00e9t\u00e9 mes sources d\u2019inspirations et mes diff\u00e9rentes exp\u00e9riences pour \u00eatre actuellement psychoth\u00e9rapeute ? Voici mon parcours.","robots":{"index":"index","follow":"follow","max-snippet":"max-snippet:-1","max-image-preview":"max-image-preview:large","max-video-preview":"max-video-preview:-1"},"canonical":"https:\/\/www.psyceliapourchayre.fr\/?page_id=15","og_locale":"fr_FR","og_type":"article","og_title":"C\u00e9lia Pourchayre - Mon parcours","og_description":"Quelles ont \u00e9t\u00e9 mes sources d\u2019inspirations et mes diff\u00e9rentes exp\u00e9riences pour \u00eatre actuellement psychoth\u00e9rapeute ? Voici mon parcours.","og_url":"https:\/\/www.psyceliapourchayre.fr\/?page_id=15","og_site_name":"C\u00e9lia Pourchayre - Psychologue","article_modified_time":"2021-10-01T09:53:13+00:00","og_image":[{"url":"http:\/\/psyceliapourchayre.fr\/wp-content\/uploads\/2016\/05\/004NB-200x300.jpg","type":"","width":"","height":""}],"twitter_card":"summary_large_image","twitter_misc":{"Dur\u00e9e de lecture estim\u00e9e":"3 minutes"},"schema":{"@context":"https:\/\/schema.org","@graph":[{"@type":"WebPage","@id":"https:\/\/www.psyceliapourchayre.fr\/?page_id=15","url":"https:\/\/www.psyceliapourchayre.fr\/?page_id=15","name":"C\u00e9lia Pourchayre - Mon parcours","isPartOf":{"@id":"https:\/\/www.psyceliapourchayre.fr\/#website"},"primaryImageOfPage":{"@id":"https:\/\/www.psyceliapourchayre.fr\/?page_id=15#primaryimage"},"image":{"@id":"https:\/\/www.psyceliapourchayre.fr\/?page_id=15#primaryimage"},"thumbnailUrl":"http:\/\/psyceliapourchayre.fr\/wp-content\/uploads\/2016\/05\/004NB-200x300.jpg","datePublished":"2021-05-06T12:04:58+00:00","dateModified":"2021-10-01T09:53:13+00:00","description":"Quelles ont \u00e9t\u00e9 mes sources d\u2019inspirations et mes diff\u00e9rentes exp\u00e9riences pour \u00eatre actuellement psychoth\u00e9rapeute ? Voici mon parcours.","breadcrumb":{"@id":"https:\/\/www.psyceliapourchayre.fr\/?page_id=15#breadcrumb"},"inLanguage":"fr-FR","potentialAction":[{"@type":"ReadAction","target":["https:\/\/www.psyceliapourchayre.fr\/?page_id=15"]}]},{"@type":"ImageObject","inLanguage":"fr-FR","@id":"https:\/\/www.psyceliapourchayre.fr\/?page_id=15#primaryimage","url":"http:\/\/psyceliapourchayre.fr\/wp-content\/uploads\/2016\/05\/004NB-200x300.jpg","contentUrl":"http:\/\/psyceliapourchayre.fr\/wp-content\/uploads\/2016\/05\/004NB-200x300.jpg"},{"@type":"BreadcrumbList","@id":"https:\/\/www.psyceliapourchayre.fr\/?page_id=15#breadcrumb","itemListElement":[{"@type":"ListItem","position":1,"name":"Accueil","item":"https:\/\/www.psyceliapourchayre.fr\/"},{"@type":"ListItem","position":2,"name":"Qui suis-je ?"}]},{"@type":"WebSite","@id":"https:\/\/www.psyceliapourchayre.fr\/#website","url":"https:\/\/www.psyceliapourchayre.fr\/","name":"C\u00e9lia Pourchayre - Psychologue","description":"Avec vous, autour de votre objectif, de vos ressentis et de vos \u00e9motions.","potentialAction":[{"@type":"SearchAction","target":{"@type":"EntryPoint","urlTemplate":"https:\/\/www.psyceliapourchayre.fr\/?s={search_term_string}"},"query-input":{"@type":"PropertyValueSpecification","valueRequired":true,"valueName":"search_term_string"}}],"inLanguage":"fr-FR"}]}},"_links":{"self":[{"href":"https:\/\/www.psyceliapourchayre.fr\/index.php?rest_route=\/wp\/v2\/pages\/15","targetHints":{"allow":["GET"]}}],"collection":[{"href":"https:\/\/www.psyceliapourchayre.fr\/index.php?rest_route=\/wp\/v2\/pages"}],"about":[{"href":"https:\/\/www.psyceliapourchayre.fr\/index.php?rest_route=\/wp\/v2\/types\/page"}],"author":[{"embeddable":true,"href":"https:\/\/www.psyceliapourchayre.fr\/index.php?rest_route=\/wp\/v2\/users\/1"}],"replies":[{"embeddable":true,"href":"https:\/\/www.psyceliapourchayre.fr\/index.php?rest_route=%2Fwp%2Fv2%2Fcomments&post=15"}],"version-history":[{"count":17,"href":"https:\/\/www.psyceliapourchayre.fr\/index.php?rest_route=\/wp\/v2\/pages\/15\/revisions"}],"predecessor-version":[{"id":535,"href":"https:\/\/www.psyceliapourchayre.fr\/index.php?rest_route=\/wp\/v2\/pages\/15\/revisions\/535"}],"wp:attachment":[{"href":"https:\/\/www.psyceliapourchayre.fr\/index.php?rest_route=%2Fwp%2Fv2%2Fmedia&parent=15"}],"curies":[{"name":"wp","href":"https:\/\/api.w.org\/{rel}","templated":true}]}}