{"id":22,"date":"2021-05-04T13:05:30","date_gmt":"2021-05-04T12:05:30","guid":{"rendered":"http:\/\/www.psyceliapourchayre.fr\/?page_id=22"},"modified":"2025-02-07T19:37:59","modified_gmt":"2025-02-07T18:37:59","slug":"contact","status":"publish","type":"page","link":"https:\/\/www.psyceliapourchayre.fr\/?page_id=22","title":{"rendered":"Contact"},"content":{"rendered":"<p>Je vous accueille sur rendez-vous au cabinet :<\/p>\n<p><strong>48 avenue du G\u00e9n\u00e9ral de Gaulle<br \/>\n91180 Saint Germain l\u00e8s Arpajon.<br \/>\n<\/strong><\/p>\n<p><a href=\"https:\/\/www.google.fr\/maps\/place\/48+Avenue+du+G\u00e9n\u00e9ral+de+Gaulle,+91180+Saint-Germain-l\u00e8s-Arpajon\/@48.5905128,2.2491848,15z\/data=!4m5!3m4!1s0x47e5d09dd060c335:0x8673ae6e27632781!8m2!3d48.591265!4d2.253589\" target=\"_blank\" rel=\"noopener\"><img fetchpriority=\"high\" decoding=\"async\" class=\"alignnone wp-image-455\" title=\"Plan cabinet Celia Pourchayre\" src=\"http:\/\/psyceliapourchayre.fr\/wp-content\/uploads\/2016\/05\/plan-centresante48-1024x709.png\" alt=\"plan-centresante48\" width=\"500\" height=\"346\" srcset=\"http:\/\/psyceliapourchayre.fr\/wp-content\/uploads\/2016\/05\/plan-centresante48-1024x709.png 1024w, http:\/\/psyceliapourchayre.fr\/wp-content\/uploads\/2016\/05\/plan-centresante48-300x208.png 300w, http:\/\/psyceliapourchayre.fr\/wp-content\/uploads\/2016\/05\/plan-centresante48-768x532.png 768w, http:\/\/psyceliapourchayre.fr\/wp-content\/uploads\/2016\/05\/plan-centresante48.png 1630w\" sizes=\"(max-width: 500px) 100vw, 500px\" \/><\/a><\/p>\n<p>&nbsp;<\/p>\n<h1>Consultations :<\/h1>\n<ul>\n<li>lundi apr\u00e8s-midi<\/li>\n<li>mercredi en journ\u00e9e<\/li>\n<li>vendredi matin<\/li>\n<li>samedi en journ\u00e9e<\/li>\n<\/ul>\n<p><img decoding=\"async\" class=\"alignnone wp-image-492\" src=\"http:\/\/psyceliapourchayre.fr\/wp-content\/uploads\/2016\/05\/P1010044-300x225.jpg\" alt=\"C\u00e9lia Pourchayre centre de sant\u00e9 48\" width=\"500\" height=\"375\" srcset=\"http:\/\/psyceliapourchayre.fr\/wp-content\/uploads\/2016\/05\/P1010044-300x225.jpg 300w, http:\/\/psyceliapourchayre.fr\/wp-content\/uploads\/2016\/05\/P1010044-768x576.jpg 768w, http:\/\/psyceliapourchayre.fr\/wp-content\/uploads\/2016\/05\/P1010044-1024x768.jpg 1024w\" sizes=\"(max-width: 500px) 100vw, 500px\" \/><\/p>\n<p>&nbsp;<\/p>\n<h3>T\u00e9l\u00e9phone : 06.84.17.52.78<br \/>\nEmail : contact[a]psyceliapourchayre.fr<\/h3>\n<p><a href=\"https:\/\/www.pagesjaunes.fr\/pros\/56532635\" target=\"_blank\" rel=\"noopener\">Prendre rendez-vous<\/a><a href=\"https:\/\/www.pagesjaunes.fr\/pros\/56532635\"><img decoding=\"async\" class=\"alignleft wp-image-415\" title=\"Prendre rendez-vous\" src=\"http:\/\/psyceliapourchayre.fr\/wp-content\/uploads\/2016\/05\/agenda.jpg\" alt=\"Prendre rendez-vous\" width=\"30\" height=\"27\" \/><\/a><\/p>\n","protected":false},"excerpt":{"rendered":"<p>Je vous accueille sur rendez-vous au cabinet : 48 avenue du G\u00e9n\u00e9ral de Gaulle 91180 Saint Germain l\u00e8s Arpajon. &nbsp; Consultations : lundi apr\u00e8s-midi mercredi en journ\u00e9e vendredi matin samedi en journ\u00e9e &nbsp; T\u00e9l\u00e9phone : 06.84.17.52.78 Email : contact[a]psyceliapourchayre.fr Prendre&hellip; <\/p>\n","protected":false},"author":1,"featured_media":0,"parent":0,"menu_order":0,"comment_status":"closed","ping_status":"closed","template":"","meta":{"footnotes":""},"class_list":["post-22","page","type-page","status-publish","hentry"],"yoast_head":"<!-- This site is optimized with the Yoast SEO plugin v27.4 - https:\/\/yoast.com\/product\/yoast-seo-wordpress\/ -->\n<title>Me contacter - C\u00e9lia Pourchayre<\/title>\n<meta name=\"description\" content=\"Je vous accueille au 48 avenue du G\u00e9n\u00e9ral de Gaulle \u00e0 Saint Germain l\u00e8s Arpajon, les lundi, mardi, mercredi entre 9h et 19h, certain mardi et jeudi entre 9h et 15h et un samedi sur trois entre 8h et 14h.\" \/>\n<meta name=\"robots\" content=\"index, follow, max-snippet:-1, max-image-preview:large, max-video-preview:-1\" \/>\n<link rel=\"canonical\" href=\"https:\/\/www.psyceliapourchayre.fr\/?page_id=22\" \/>\n<meta property=\"og:locale\" content=\"fr_FR\" \/>\n<meta property=\"og:type\" content=\"article\" \/>\n<meta property=\"og:title\" content=\"Me contacter - C\u00e9lia Pourchayre\" \/>\n<meta property=\"og:description\" content=\"Je vous accueille au 48 avenue du G\u00e9n\u00e9ral de Gaulle \u00e0 Saint Germain l\u00e8s Arpajon, les lundi, mardi, mercredi entre 9h et 19h, certain mardi et jeudi entre 9h et 15h et un samedi sur trois entre 8h et 14h.\" \/>\n<meta property=\"og:url\" content=\"https:\/\/www.psyceliapourchayre.fr\/?page_id=22\" \/>\n<meta property=\"og:site_name\" content=\"C\u00e9lia Pourchayre - Psychologue\" \/>\n<meta property=\"article:modified_time\" content=\"2025-02-07T18:37:59+00:00\" \/>\n<meta property=\"og:image\" content=\"http:\/\/psyceliapourchayre.fr\/wp-content\/uploads\/2016\/05\/plan-centresante48-1024x709.png\" \/>\n<meta name=\"twitter:card\" content=\"summary_large_image\" \/>\n<meta name=\"twitter:label1\" content=\"Dur\u00e9e de lecture estim\u00e9e\" \/>\n\t<meta name=\"twitter:data1\" content=\"1 minute\" \/>\n<script type=\"application\/ld+json\" class=\"yoast-schema-graph\">{\"@context\":\"https:\\\/\\\/schema.org\",\"@graph\":[{\"@type\":\"WebPage\",\"@id\":\"https:\\\/\\\/www.psyceliapourchayre.fr\\\/?page_id=22\",\"url\":\"https:\\\/\\\/www.psyceliapourchayre.fr\\\/?page_id=22\",\"name\":\"Me contacter - C\u00e9lia Pourchayre\",\"isPartOf\":{\"@id\":\"https:\\\/\\\/www.psyceliapourchayre.fr\\\/#website\"},\"primaryImageOfPage\":{\"@id\":\"https:\\\/\\\/www.psyceliapourchayre.fr\\\/?page_id=22#primaryimage\"},\"image\":{\"@id\":\"https:\\\/\\\/www.psyceliapourchayre.fr\\\/?page_id=22#primaryimage\"},\"thumbnailUrl\":\"http:\\\/\\\/psyceliapourchayre.fr\\\/wp-content\\\/uploads\\\/2016\\\/05\\\/plan-centresante48-1024x709.png\",\"datePublished\":\"2021-05-04T12:05:30+00:00\",\"dateModified\":\"2025-02-07T18:37:59+00:00\",\"description\":\"Je vous accueille au 48 avenue du G\u00e9n\u00e9ral de Gaulle \u00e0 Saint Germain l\u00e8s Arpajon, les lundi, mardi, mercredi entre 9h et 19h, certain mardi et jeudi entre 9h et 15h et un samedi sur trois entre 8h et 14h.\",\"breadcrumb\":{\"@id\":\"https:\\\/\\\/www.psyceliapourchayre.fr\\\/?page_id=22#breadcrumb\"},\"inLanguage\":\"fr-FR\",\"potentialAction\":[{\"@type\":\"ReadAction\",\"target\":[\"https:\\\/\\\/www.psyceliapourchayre.fr\\\/?page_id=22\"]}]},{\"@type\":\"ImageObject\",\"inLanguage\":\"fr-FR\",\"@id\":\"https:\\\/\\\/www.psyceliapourchayre.fr\\\/?page_id=22#primaryimage\",\"url\":\"http:\\\/\\\/psyceliapourchayre.fr\\\/wp-content\\\/uploads\\\/2016\\\/05\\\/plan-centresante48-1024x709.png\",\"contentUrl\":\"http:\\\/\\\/psyceliapourchayre.fr\\\/wp-content\\\/uploads\\\/2016\\\/05\\\/plan-centresante48-1024x709.png\"},{\"@type\":\"BreadcrumbList\",\"@id\":\"https:\\\/\\\/www.psyceliapourchayre.fr\\\/?page_id=22#breadcrumb\",\"itemListElement\":[{\"@type\":\"ListItem\",\"position\":1,\"name\":\"Accueil\",\"item\":\"https:\\\/\\\/www.psyceliapourchayre.fr\\\/\"},{\"@type\":\"ListItem\",\"position\":2,\"name\":\"Contact\"}]},{\"@type\":\"WebSite\",\"@id\":\"https:\\\/\\\/www.psyceliapourchayre.fr\\\/#website\",\"url\":\"https:\\\/\\\/www.psyceliapourchayre.fr\\\/\",\"name\":\"C\u00e9lia Pourchayre - Psychologue\",\"description\":\"Avec vous, autour de votre objectif, de vos ressentis et de vos \u00e9motions.\",\"potentialAction\":[{\"@type\":\"SearchAction\",\"target\":{\"@type\":\"EntryPoint\",\"urlTemplate\":\"https:\\\/\\\/www.psyceliapourchayre.fr\\\/?s={search_term_string}\"},\"query-input\":{\"@type\":\"PropertyValueSpecification\",\"valueRequired\":true,\"valueName\":\"search_term_string\"}}],\"inLanguage\":\"fr-FR\"}]}<\/script>\n<!-- \/ Yoast SEO plugin. -->","yoast_head_json":{"title":"Me contacter - C\u00e9lia Pourchayre","description":"Je vous accueille au 48 avenue du G\u00e9n\u00e9ral de Gaulle \u00e0 Saint Germain l\u00e8s Arpajon, les lundi, mardi, mercredi entre 9h et 19h, certain mardi et jeudi entre 9h et 15h et un samedi sur trois entre 8h et 14h.","robots":{"index":"index","follow":"follow","max-snippet":"max-snippet:-1","max-image-preview":"max-image-preview:large","max-video-preview":"max-video-preview:-1"},"canonical":"https:\/\/www.psyceliapourchayre.fr\/?page_id=22","og_locale":"fr_FR","og_type":"article","og_title":"Me contacter - C\u00e9lia Pourchayre","og_description":"Je vous accueille au 48 avenue du G\u00e9n\u00e9ral de Gaulle \u00e0 Saint Germain l\u00e8s Arpajon, les lundi, mardi, mercredi entre 9h et 19h, certain mardi et jeudi entre 9h et 15h et un samedi sur trois entre 8h et 14h.","og_url":"https:\/\/www.psyceliapourchayre.fr\/?page_id=22","og_site_name":"C\u00e9lia Pourchayre - Psychologue","article_modified_time":"2025-02-07T18:37:59+00:00","og_image":[{"url":"http:\/\/psyceliapourchayre.fr\/wp-content\/uploads\/2016\/05\/plan-centresante48-1024x709.png","type":"","width":"","height":""}],"twitter_card":"summary_large_image","twitter_misc":{"Dur\u00e9e de lecture estim\u00e9e":"1 minute"},"schema":{"@context":"https:\/\/schema.org","@graph":[{"@type":"WebPage","@id":"https:\/\/www.psyceliapourchayre.fr\/?page_id=22","url":"https:\/\/www.psyceliapourchayre.fr\/?page_id=22","name":"Me contacter - C\u00e9lia Pourchayre","isPartOf":{"@id":"https:\/\/www.psyceliapourchayre.fr\/#website"},"primaryImageOfPage":{"@id":"https:\/\/www.psyceliapourchayre.fr\/?page_id=22#primaryimage"},"image":{"@id":"https:\/\/www.psyceliapourchayre.fr\/?page_id=22#primaryimage"},"thumbnailUrl":"http:\/\/psyceliapourchayre.fr\/wp-content\/uploads\/2016\/05\/plan-centresante48-1024x709.png","datePublished":"2021-05-04T12:05:30+00:00","dateModified":"2025-02-07T18:37:59+00:00","description":"Je vous accueille au 48 avenue du G\u00e9n\u00e9ral de Gaulle \u00e0 Saint Germain l\u00e8s Arpajon, les lundi, mardi, mercredi entre 9h et 19h, certain mardi et jeudi entre 9h et 15h et un samedi sur trois entre 8h et 14h.","breadcrumb":{"@id":"https:\/\/www.psyceliapourchayre.fr\/?page_id=22#breadcrumb"},"inLanguage":"fr-FR","potentialAction":[{"@type":"ReadAction","target":["https:\/\/www.psyceliapourchayre.fr\/?page_id=22"]}]},{"@type":"ImageObject","inLanguage":"fr-FR","@id":"https:\/\/www.psyceliapourchayre.fr\/?page_id=22#primaryimage","url":"http:\/\/psyceliapourchayre.fr\/wp-content\/uploads\/2016\/05\/plan-centresante48-1024x709.png","contentUrl":"http:\/\/psyceliapourchayre.fr\/wp-content\/uploads\/2016\/05\/plan-centresante48-1024x709.png"},{"@type":"BreadcrumbList","@id":"https:\/\/www.psyceliapourchayre.fr\/?page_id=22#breadcrumb","itemListElement":[{"@type":"ListItem","position":1,"name":"Accueil","item":"https:\/\/www.psyceliapourchayre.fr\/"},{"@type":"ListItem","position":2,"name":"Contact"}]},{"@type":"WebSite","@id":"https:\/\/www.psyceliapourchayre.fr\/#website","url":"https:\/\/www.psyceliapourchayre.fr\/","name":"C\u00e9lia Pourchayre - Psychologue","description":"Avec vous, autour de votre objectif, de vos ressentis et de vos \u00e9motions.","potentialAction":[{"@type":"SearchAction","target":{"@type":"EntryPoint","urlTemplate":"https:\/\/www.psyceliapourchayre.fr\/?s={search_term_string}"},"query-input":{"@type":"PropertyValueSpecification","valueRequired":true,"valueName":"search_term_string"}}],"inLanguage":"fr-FR"}]}},"_links":{"self":[{"href":"https:\/\/www.psyceliapourchayre.fr\/index.php?rest_route=\/wp\/v2\/pages\/22","targetHints":{"allow":["GET"]}}],"collection":[{"href":"https:\/\/www.psyceliapourchayre.fr\/index.php?rest_route=\/wp\/v2\/pages"}],"about":[{"href":"https:\/\/www.psyceliapourchayre.fr\/index.php?rest_route=\/wp\/v2\/types\/page"}],"author":[{"embeddable":true,"href":"https:\/\/www.psyceliapourchayre.fr\/index.php?rest_route=\/wp\/v2\/users\/1"}],"replies":[{"embeddable":true,"href":"https:\/\/www.psyceliapourchayre.fr\/index.php?rest_route=%2Fwp%2Fv2%2Fcomments&post=22"}],"version-history":[{"count":49,"href":"https:\/\/www.psyceliapourchayre.fr\/index.php?rest_route=\/wp\/v2\/pages\/22\/revisions"}],"predecessor-version":[{"id":625,"href":"https:\/\/www.psyceliapourchayre.fr\/index.php?rest_route=\/wp\/v2\/pages\/22\/revisions\/625"}],"wp:attachment":[{"href":"https:\/\/www.psyceliapourchayre.fr\/index.php?rest_route=%2Fwp%2Fv2%2Fmedia&parent=22"}],"curies":[{"name":"wp","href":"https:\/\/api.w.org\/{rel}","templated":true}]}}