{"id":25,"date":"2021-05-04T13:34:41","date_gmt":"2021-05-04T12:34:41","guid":{"rendered":"http:\/\/www.psyceliapourchayre.fr\/?page_id=25"},"modified":"2021-09-28T15:20:08","modified_gmt":"2021-09-28T14:20:08","slug":"pourquoi-prendre-rendez-vous","status":"publish","type":"page","link":"https:\/\/www.psyceliapourchayre.fr\/?page_id=25","title":{"rendered":"Pourquoi prendre rendez-vous ?"},"content":{"rendered":"<ul>\n<li>Vous avez besoin de r\u00e9aliser un bilan psychologique pour une orientation ou un diagnostic \u00e0 poser.<\/li>\n<li>Vous rencontrez des difficult\u00e9s \u00e0 g\u00e9rer vos \u00e9motions dans certaines situations<\/li>\n<li>Vous avez des difficult\u00e9s d\u2019apprentissage (dyslexie, dyspraxie, etc\u2026)<\/li>\n<li>Vous perdez l\u2019\u00e9quilibre ou avez du mal \u00e0 ma\u00eetriser votre corps (chutes, mal des transports, agitation constante, difficult\u00e9s d\u2019endormissement, etc\u2026)<\/li>\n<li>Vous souhaitez r\u00e9aliser quelque chose dans votre vie, mais ne savez pas comment vous y prendre (changement professionnel, am\u00e9lioration des relations, avoir plus confiance en soi, etc\u2026)<\/li>\n<li>Vous voulez commencer un travail sur vous-m\u00eame, vous vous questionnez, vous souhaitez apprendre \u00e0 mieux comprendre vos r\u00e9actions.<\/li>\n<\/ul>\n<h3><span style=\"color: #003366;\"><strong>Je peux alors vous accompagner dans votre d\u00e9marche.<\/p>\n<p><\/strong><\/span><\/h3>\n<hr \/>\n<h2>Afin de cibler les points d&rsquo;am\u00e9lioration, je m&rsquo;appuie sur un questionnaire lors de la premi\u00e8re s\u00e9ance.<\/h2>\n<p>Voici les questions que je peux vous poser (liste non exhaustive) et que je vous demande coter de 1 \u00e0 5 (quand 5 est une observation de forte intensit\u00e9 de ce comportement).<\/p>\n<ul>\n<li>Je cherche des excuses pour pouvoir bouger tout le temps ?<\/li>\n<li>J&rsquo;aime me balancer sur une chaise ?<\/li>\n<li>J\u2019agis impulsivement ?<\/li>\n<li>Je manifeste un comportement agressif ?<\/li>\n<li>Je tr\u00e9buche et tombe fr\u00e9quemment ?<\/li>\n<li>J&rsquo;enroule mes jambes autour des pieds de la chaise ?<\/li>\n<li>J&rsquo;ai une faible compr\u00e9hension en lecture ?<\/li>\n<li>J&rsquo;ai un \u00e9criture plut\u00f4t irr\u00e9guli\u00e8re ?<\/li>\n<li>Je suis hypersensible \u00e0 la lumi\u00e8re, au toucher, aux sons ?<\/li>\n<li>Je d\u00e9teste les impr\u00e9vus ou les changements dans les habitudes ?<\/li>\n<li>etc&#8230;<\/li>\n<\/ul>\n<h3><strong>Si vous \u00e9prouvez ou si votre enfant \u00e9prouve l&rsquo;un de ces sympt\u00f4mes, vous pouvez <a href=\"http:\/\/www.psyceliapourchayre.fr\/?page_id=22\">me contacter<\/a>\u00a0ou <a href=\"https:\/\/www.pagesjaunes.fr\/pros\/56532635\" target=\"_blank\" rel=\"noopener\">prendre rendez-vous<\/a> d\u00e8s maintenant.<\/strong><\/h3>\n","protected":false},"excerpt":{"rendered":"<p>Vous avez besoin de r\u00e9aliser un bilan psychologique pour une orientation ou un diagnostic \u00e0 poser. Vous rencontrez des difficult\u00e9s \u00e0 g\u00e9rer vos \u00e9motions dans certaines situations Vous avez des difficult\u00e9s d\u2019apprentissage (dyslexie, dyspraxie, etc\u2026) Vous perdez l\u2019\u00e9quilibre ou avez&hellip; <\/p>\n","protected":false},"author":1,"featured_media":0,"parent":0,"menu_order":0,"comment_status":"closed","ping_status":"closed","template":"","meta":{"footnotes":""},"class_list":["post-25","page","type-page","status-publish","hentry"],"yoast_head":"<!-- This site is optimized with the Yoast SEO plugin v27.4 - https:\/\/yoast.com\/product\/yoast-seo-wordpress\/ -->\n<title>Pourquoi prendre rendez-vous avec C\u00e9lia Pourchayre ?<\/title>\n<meta name=\"description\" content=\"Pour vous sentir mieux dans votre vie, vous aider \u00e0 comprendre vos blocages et vous rendre la vie meilleure.\" \/>\n<meta name=\"robots\" content=\"index, follow, max-snippet:-1, max-image-preview:large, max-video-preview:-1\" \/>\n<link rel=\"canonical\" href=\"https:\/\/www.psyceliapourchayre.fr\/?page_id=25\" \/>\n<meta property=\"og:locale\" content=\"fr_FR\" \/>\n<meta property=\"og:type\" content=\"article\" \/>\n<meta property=\"og:title\" content=\"Pourquoi prendre rendez-vous avec C\u00e9lia Pourchayre ?\" \/>\n<meta property=\"og:description\" content=\"Pour vous sentir mieux dans votre vie, vous aider \u00e0 comprendre vos blocages et vous rendre la vie meilleure.\" \/>\n<meta property=\"og:url\" content=\"https:\/\/www.psyceliapourchayre.fr\/?page_id=25\" \/>\n<meta property=\"og:site_name\" content=\"C\u00e9lia Pourchayre - Psychologue\" \/>\n<meta property=\"article:modified_time\" content=\"2021-09-28T14:20:08+00:00\" \/>\n<meta name=\"twitter:card\" content=\"summary_large_image\" \/>\n<meta name=\"twitter:label1\" content=\"Dur\u00e9e de lecture estim\u00e9e\" \/>\n\t<meta name=\"twitter:data1\" content=\"1 minute\" \/>\n<script type=\"application\/ld+json\" class=\"yoast-schema-graph\">{\"@context\":\"https:\\\/\\\/schema.org\",\"@graph\":[{\"@type\":\"WebPage\",\"@id\":\"https:\\\/\\\/www.psyceliapourchayre.fr\\\/?page_id=25\",\"url\":\"https:\\\/\\\/www.psyceliapourchayre.fr\\\/?page_id=25\",\"name\":\"Pourquoi prendre rendez-vous avec C\u00e9lia Pourchayre ?\",\"isPartOf\":{\"@id\":\"https:\\\/\\\/www.psyceliapourchayre.fr\\\/#website\"},\"datePublished\":\"2021-05-04T12:34:41+00:00\",\"dateModified\":\"2021-09-28T14:20:08+00:00\",\"description\":\"Pour vous sentir mieux dans votre vie, vous aider \u00e0 comprendre vos blocages et vous rendre la vie meilleure.\",\"breadcrumb\":{\"@id\":\"https:\\\/\\\/www.psyceliapourchayre.fr\\\/?page_id=25#breadcrumb\"},\"inLanguage\":\"fr-FR\",\"potentialAction\":[{\"@type\":\"ReadAction\",\"target\":[\"https:\\\/\\\/www.psyceliapourchayre.fr\\\/?page_id=25\"]}]},{\"@type\":\"BreadcrumbList\",\"@id\":\"https:\\\/\\\/www.psyceliapourchayre.fr\\\/?page_id=25#breadcrumb\",\"itemListElement\":[{\"@type\":\"ListItem\",\"position\":1,\"name\":\"Accueil\",\"item\":\"https:\\\/\\\/www.psyceliapourchayre.fr\\\/\"},{\"@type\":\"ListItem\",\"position\":2,\"name\":\"Pourquoi prendre rendez-vous ?\"}]},{\"@type\":\"WebSite\",\"@id\":\"https:\\\/\\\/www.psyceliapourchayre.fr\\\/#website\",\"url\":\"https:\\\/\\\/www.psyceliapourchayre.fr\\\/\",\"name\":\"C\u00e9lia Pourchayre - Psychologue\",\"description\":\"Avec vous, autour de votre objectif, de vos ressentis et de vos \u00e9motions.\",\"potentialAction\":[{\"@type\":\"SearchAction\",\"target\":{\"@type\":\"EntryPoint\",\"urlTemplate\":\"https:\\\/\\\/www.psyceliapourchayre.fr\\\/?s={search_term_string}\"},\"query-input\":{\"@type\":\"PropertyValueSpecification\",\"valueRequired\":true,\"valueName\":\"search_term_string\"}}],\"inLanguage\":\"fr-FR\"}]}<\/script>\n<!-- \/ Yoast SEO plugin. -->","yoast_head_json":{"title":"Pourquoi prendre rendez-vous avec C\u00e9lia Pourchayre ?","description":"Pour vous sentir mieux dans votre vie, vous aider \u00e0 comprendre vos blocages et vous rendre la vie meilleure.","robots":{"index":"index","follow":"follow","max-snippet":"max-snippet:-1","max-image-preview":"max-image-preview:large","max-video-preview":"max-video-preview:-1"},"canonical":"https:\/\/www.psyceliapourchayre.fr\/?page_id=25","og_locale":"fr_FR","og_type":"article","og_title":"Pourquoi prendre rendez-vous avec C\u00e9lia Pourchayre ?","og_description":"Pour vous sentir mieux dans votre vie, vous aider \u00e0 comprendre vos blocages et vous rendre la vie meilleure.","og_url":"https:\/\/www.psyceliapourchayre.fr\/?page_id=25","og_site_name":"C\u00e9lia Pourchayre - Psychologue","article_modified_time":"2021-09-28T14:20:08+00:00","twitter_card":"summary_large_image","twitter_misc":{"Dur\u00e9e de lecture estim\u00e9e":"1 minute"},"schema":{"@context":"https:\/\/schema.org","@graph":[{"@type":"WebPage","@id":"https:\/\/www.psyceliapourchayre.fr\/?page_id=25","url":"https:\/\/www.psyceliapourchayre.fr\/?page_id=25","name":"Pourquoi prendre rendez-vous avec C\u00e9lia Pourchayre ?","isPartOf":{"@id":"https:\/\/www.psyceliapourchayre.fr\/#website"},"datePublished":"2021-05-04T12:34:41+00:00","dateModified":"2021-09-28T14:20:08+00:00","description":"Pour vous sentir mieux dans votre vie, vous aider \u00e0 comprendre vos blocages et vous rendre la vie meilleure.","breadcrumb":{"@id":"https:\/\/www.psyceliapourchayre.fr\/?page_id=25#breadcrumb"},"inLanguage":"fr-FR","potentialAction":[{"@type":"ReadAction","target":["https:\/\/www.psyceliapourchayre.fr\/?page_id=25"]}]},{"@type":"BreadcrumbList","@id":"https:\/\/www.psyceliapourchayre.fr\/?page_id=25#breadcrumb","itemListElement":[{"@type":"ListItem","position":1,"name":"Accueil","item":"https:\/\/www.psyceliapourchayre.fr\/"},{"@type":"ListItem","position":2,"name":"Pourquoi prendre rendez-vous ?"}]},{"@type":"WebSite","@id":"https:\/\/www.psyceliapourchayre.fr\/#website","url":"https:\/\/www.psyceliapourchayre.fr\/","name":"C\u00e9lia Pourchayre - Psychologue","description":"Avec vous, autour de votre objectif, de vos ressentis et de vos \u00e9motions.","potentialAction":[{"@type":"SearchAction","target":{"@type":"EntryPoint","urlTemplate":"https:\/\/www.psyceliapourchayre.fr\/?s={search_term_string}"},"query-input":{"@type":"PropertyValueSpecification","valueRequired":true,"valueName":"search_term_string"}}],"inLanguage":"fr-FR"}]}},"_links":{"self":[{"href":"https:\/\/www.psyceliapourchayre.fr\/index.php?rest_route=\/wp\/v2\/pages\/25","targetHints":{"allow":["GET"]}}],"collection":[{"href":"https:\/\/www.psyceliapourchayre.fr\/index.php?rest_route=\/wp\/v2\/pages"}],"about":[{"href":"https:\/\/www.psyceliapourchayre.fr\/index.php?rest_route=\/wp\/v2\/types\/page"}],"author":[{"embeddable":true,"href":"https:\/\/www.psyceliapourchayre.fr\/index.php?rest_route=\/wp\/v2\/users\/1"}],"replies":[{"embeddable":true,"href":"https:\/\/www.psyceliapourchayre.fr\/index.php?rest_route=%2Fwp%2Fv2%2Fcomments&post=25"}],"version-history":[{"count":19,"href":"https:\/\/www.psyceliapourchayre.fr\/index.php?rest_route=\/wp\/v2\/pages\/25\/revisions"}],"predecessor-version":[{"id":626,"href":"https:\/\/www.psyceliapourchayre.fr\/index.php?rest_route=\/wp\/v2\/pages\/25\/revisions\/626"}],"wp:attachment":[{"href":"https:\/\/www.psyceliapourchayre.fr\/index.php?rest_route=%2Fwp%2Fv2%2Fmedia&parent=25"}],"curies":[{"name":"wp","href":"https:\/\/api.w.org\/{rel}","templated":true}]}}