{"id":27,"date":"2021-05-04T13:34:34","date_gmt":"2021-05-04T12:34:34","guid":{"rendered":"http:\/\/www.psyceliapourchayre.fr\/?page_id=27"},"modified":"2021-09-28T15:20:01","modified_gmt":"2021-09-28T14:20:01","slug":"mes-outils","status":"publish","type":"page","link":"https:\/\/www.psyceliapourchayre.fr\/?page_id=27","title":{"rendered":"Mes outils"},"content":{"rendered":"<h1 style=\"text-align: justify;\">Pr\u00e9sentation de mes outils th\u00e9rapeutiques :<br \/>\n<span style=\"color: #404d69;\">r\u00e9pondre au <span style=\"color: #4ad2ae;\">\u00ab\u00a0pourquoi ce probl\u00e8me ?\u00a0\u00bb<\/span> et proposer un <span style=\"color: #4ad2ae;\">\u00ab\u00a0comment faire pour&#8230;\u00a0\u00bb<\/span><\/span><\/h1>\n<p style=\"text-align: justify;\">Voici les outils que j&rsquo;utilise lors de mes s\u00e9ances de psychoth\u00e9rapie :<\/p>\n<p style=\"text-align: justify;\"><strong>&#8211; La <a href=\"http:\/\/www.psyceliapourchayre.fr\/?p=126\">psychoth\u00e9rapie <span style=\"color: #4ad2ae;\">\u00ab\u00a0ressentir &#8211; s&rsquo;ouvrir &#8211; s&rsquo;\u00e9panouir\u00a0\u00bb<\/span><\/a><\/strong><br \/>\nJe vous propose de travailler autour d\u2019un objectif que nous pourrons d\u00e9terminer ensemble. Cela peut se mettre en place sous forme de th\u00e9rapie br\u00e8ves (moins de 10 s\u00e9ances) pour les probl\u00e9matiques li\u00e9es \u00e0 des blocages, des phobies, un manque de confiance en soi, un traumatisme l\u00e9ger, etc.<\/p>\n<p style=\"text-align: justify;\"><strong>&#8211; Le <a href=\"http:\/\/www.psyceliapourchayre.fr\/?p=133\">bilan psychologique<\/a><\/strong><br \/>\nLes tests psychologiques permettent d\u2019\u00e9valuer diff\u00e9rentes capacit\u00e9s comme la m\u00e9moire de travail, la m\u00e9moire \u00e0 court terme, les capacit\u00e9s verbales, la cat\u00e9gorisation, la compr\u00e9hension, la vitesse de travail, \u2026 toujours en fonction de la classe d\u2019\u00e2ge de l\u2019enfant.<\/p>\n<p style=\"text-align: justify;\"><strong>&#8211; L&rsquo;expression artistique, le jeu et l\u2019\u00e9criture <span style=\"color: #4ad2ae;\">\u00ab\u00a0jouer-bouger-\u00e9voluer\u00a0\u00bb<\/span><br \/>\n<\/strong>Une approche ludique est propos\u00e9e aux enfants afin de favoriser l\u2019expression sous toutes ses formes. Je mets donc \u00e0 disposition, et selon les besoins, des crayons, des jeux symboliques, de la p\u00e2te \u00e0 modeler, des livres, etc. J\u2019accompagne l\u2019enfant dans une prise de conscience des enjeux qui se posent \u00e0 lui et des sentiments qui peuvent le traverser.<\/p>\n<p style=\"text-align: justify;\"><strong>&#8211; La stimulation neuronale<\/strong><\/p>\n<p style=\"text-align: justify;\">Les <a href=\"http:\/\/www.psyceliapourchayre.fr\/?p=224\">RMT (Rhythmic Movement Training)<\/a><br \/>\nLes personnes ayant des difficult\u00e9s d\u2019apprentissage, de gestion des \u00e9motions, d\u2019\u00e9quilibre, d&rsquo;agitation constante, &#8230; ou autres, peuvent \u00e9voluer diff\u00e9remment part la pratique des mouvements rythmiques. Je vous proposerai des exercices adapt\u00e9s pour que vous puissiez agir consciemment sur l\u2019int\u00e9gration de vos r\u00e9flexes primitifs et ainsi mieux ma\u00eetriser le cours de votre vie.<\/p>\n<p style=\"text-align: justify;\">La <a href=\"http:\/\/www.psyceliapourchayre.fr\/?p=136\">Brain Gym<\/a><br \/>\nCette approche favorise le mouvement, les activit\u00e9s motrices et artistiques dans le but de d\u00e9velopper vos propres comp\u00e9tences, c\u2019est-\u00e0-dire tout votre potentiel. Elle recherche donc une meilleure int\u00e9gration des facult\u00e9s c\u00e9r\u00e9brales, corporelles et sensorielles et une lib\u00e9ration de la capacit\u00e9 d\u2019apprentissage.<\/p>\n<p style=\"text-align: justify;\"><strong>&#8211; La <a href=\"http:\/\/www.psyceliapourchayre.fr\/?p=138\">gestion des \u00e9motions<\/a><\/strong><br \/>\nCertaines th\u00e9rapies dites \u00ab\u00a0neurologiques\u00a0\u00bb regroupent des th\u00e9rapies \u00e9nerg\u00e9tiques ou stimulant les h\u00e9misph\u00e8res c\u00e9r\u00e9braux, qui ont une influence sur nos \u00e9motions. Elles permettent d\u2019agir sur la diminution ou l\u2019att\u00e9nuation d\u2019\u00e9motions telles que\u00a0: la col\u00e8re, les tensions, la peur, le manque d\u2019assurance, la culpabilit\u00e9, les angoisses, les douleurs chroniques, les insomnies, le stress, etc.<\/p>\n<p style=\"text-align: justify;\">L\u2019<a href=\"http:\/\/www.psyceliapourchayre.fr\/?p=149\">EFT (Emotion Freedom Technique)<\/a><strong><br \/>\n<\/strong>C&rsquo;est une pratique relativement simple, mais tr\u00e8s efficace, que chacun peut utiliser au quotidien. En stimulant certains points plac\u00e9s sur les m\u00e9ridiens du corps, l&rsquo;EFT permet de r\u00e9\u00e9quilibrer le mental, le corps et l&rsquo;\u00e9motionnel.<\/p>\n<p style=\"text-align: justify;\">La <a href=\"http:\/\/www.psyceliapourchayre.fr\/?p=152\">PNL (Programmation Neuro Linguistique)<br \/>\n<\/a>La PNL peut vous aider \u00e0 d\u00e9velopper des comportements de r\u00e9ussite, en vous apprenant \u00e0 mobiliser vos ressources et \u00e0 utiliser vos sens (visuel, kinesth\u00e9sique, auditif, etc.). C&rsquo;est avant tout une m\u00e9thode d&rsquo;observation de vos moyens. Cette fa\u00e7on de projeter mentalement ses objectifs, leurs enjeux et leurs cons\u00e9quence permet au cerveau de se familiariser \u00e0 une nouvelle perspective d&rsquo;\u00e9volution, un nouveau mode de fonctionnement, en toute s\u00e9curit\u00e9.<\/p>\n","protected":false},"excerpt":{"rendered":"<p>Pr\u00e9sentation de mes outils th\u00e9rapeutiques : r\u00e9pondre au \u00ab\u00a0pourquoi ce probl\u00e8me ?\u00a0\u00bb et proposer un \u00ab\u00a0comment faire pour&#8230;\u00a0\u00bb Voici les outils que j&rsquo;utilise lors de mes s\u00e9ances de psychoth\u00e9rapie : &#8211; La psychoth\u00e9rapie \u00ab\u00a0ressentir &#8211; s&rsquo;ouvrir &#8211; s&rsquo;\u00e9panouir\u00a0\u00bb Je vous&hellip; <\/p>\n","protected":false},"author":1,"featured_media":0,"parent":0,"menu_order":0,"comment_status":"closed","ping_status":"closed","template":"","meta":{"footnotes":""},"class_list":["post-27","page","type-page","status-publish","hentry"],"yoast_head":"<!-- This site is optimized with the Yoast SEO plugin v27.4 - https:\/\/yoast.com\/product\/yoast-seo-wordpress\/ -->\n<title>Mes outils - C\u00e9lia Pourchayre - Psychologue<\/title>\n<meta name=\"robots\" content=\"index, follow, max-snippet:-1, max-image-preview:large, max-video-preview:-1\" \/>\n<link rel=\"canonical\" href=\"https:\/\/www.psyceliapourchayre.fr\/?page_id=27\" \/>\n<meta property=\"og:locale\" content=\"fr_FR\" \/>\n<meta property=\"og:type\" content=\"article\" \/>\n<meta property=\"og:title\" content=\"Mes outils - C\u00e9lia Pourchayre - Psychologue\" \/>\n<meta property=\"og:description\" content=\"Pr\u00e9sentation de mes outils th\u00e9rapeutiques : r\u00e9pondre au \u00ab\u00a0pourquoi ce probl\u00e8me ?\u00a0\u00bb et proposer un \u00ab\u00a0comment faire pour&#8230;\u00a0\u00bb Voici les outils que j&rsquo;utilise lors de mes s\u00e9ances de psychoth\u00e9rapie : &#8211; La psychoth\u00e9rapie \u00ab\u00a0ressentir &#8211; s&rsquo;ouvrir &#8211; s&rsquo;\u00e9panouir\u00a0\u00bb Je vous&hellip;\" \/>\n<meta property=\"og:url\" content=\"https:\/\/www.psyceliapourchayre.fr\/?page_id=27\" \/>\n<meta property=\"og:site_name\" content=\"C\u00e9lia Pourchayre - Psychologue\" \/>\n<meta property=\"article:modified_time\" content=\"2021-09-28T14:20:01+00:00\" \/>\n<meta name=\"twitter:card\" content=\"summary_large_image\" \/>\n<meta name=\"twitter:label1\" content=\"Dur\u00e9e de lecture estim\u00e9e\" \/>\n\t<meta name=\"twitter:data1\" content=\"3 minutes\" \/>\n<script type=\"application\/ld+json\" class=\"yoast-schema-graph\">{\"@context\":\"https:\\\/\\\/schema.org\",\"@graph\":[{\"@type\":\"WebPage\",\"@id\":\"https:\\\/\\\/www.psyceliapourchayre.fr\\\/?page_id=27\",\"url\":\"https:\\\/\\\/www.psyceliapourchayre.fr\\\/?page_id=27\",\"name\":\"Mes outils - C\u00e9lia Pourchayre - Psychologue\",\"isPartOf\":{\"@id\":\"https:\\\/\\\/www.psyceliapourchayre.fr\\\/#website\"},\"datePublished\":\"2021-05-04T12:34:34+00:00\",\"dateModified\":\"2021-09-28T14:20:01+00:00\",\"breadcrumb\":{\"@id\":\"https:\\\/\\\/www.psyceliapourchayre.fr\\\/?page_id=27#breadcrumb\"},\"inLanguage\":\"fr-FR\",\"potentialAction\":[{\"@type\":\"ReadAction\",\"target\":[\"https:\\\/\\\/www.psyceliapourchayre.fr\\\/?page_id=27\"]}]},{\"@type\":\"BreadcrumbList\",\"@id\":\"https:\\\/\\\/www.psyceliapourchayre.fr\\\/?page_id=27#breadcrumb\",\"itemListElement\":[{\"@type\":\"ListItem\",\"position\":1,\"name\":\"Accueil\",\"item\":\"https:\\\/\\\/www.psyceliapourchayre.fr\\\/\"},{\"@type\":\"ListItem\",\"position\":2,\"name\":\"Mes outils\"}]},{\"@type\":\"WebSite\",\"@id\":\"https:\\\/\\\/www.psyceliapourchayre.fr\\\/#website\",\"url\":\"https:\\\/\\\/www.psyceliapourchayre.fr\\\/\",\"name\":\"C\u00e9lia Pourchayre - Psychologue\",\"description\":\"Avec vous, autour de votre objectif, de vos ressentis et de vos \u00e9motions.\",\"potentialAction\":[{\"@type\":\"SearchAction\",\"target\":{\"@type\":\"EntryPoint\",\"urlTemplate\":\"https:\\\/\\\/www.psyceliapourchayre.fr\\\/?s={search_term_string}\"},\"query-input\":{\"@type\":\"PropertyValueSpecification\",\"valueRequired\":true,\"valueName\":\"search_term_string\"}}],\"inLanguage\":\"fr-FR\"}]}<\/script>\n<!-- \/ Yoast SEO plugin. -->","yoast_head_json":{"title":"Mes outils - C\u00e9lia Pourchayre - Psychologue","robots":{"index":"index","follow":"follow","max-snippet":"max-snippet:-1","max-image-preview":"max-image-preview:large","max-video-preview":"max-video-preview:-1"},"canonical":"https:\/\/www.psyceliapourchayre.fr\/?page_id=27","og_locale":"fr_FR","og_type":"article","og_title":"Mes outils - C\u00e9lia Pourchayre - Psychologue","og_description":"Pr\u00e9sentation de mes outils th\u00e9rapeutiques : r\u00e9pondre au \u00ab\u00a0pourquoi ce probl\u00e8me ?\u00a0\u00bb et proposer un \u00ab\u00a0comment faire pour&#8230;\u00a0\u00bb Voici les outils que j&rsquo;utilise lors de mes s\u00e9ances de psychoth\u00e9rapie : &#8211; La psychoth\u00e9rapie \u00ab\u00a0ressentir &#8211; s&rsquo;ouvrir &#8211; s&rsquo;\u00e9panouir\u00a0\u00bb Je vous&hellip;","og_url":"https:\/\/www.psyceliapourchayre.fr\/?page_id=27","og_site_name":"C\u00e9lia Pourchayre - Psychologue","article_modified_time":"2021-09-28T14:20:01+00:00","twitter_card":"summary_large_image","twitter_misc":{"Dur\u00e9e de lecture estim\u00e9e":"3 minutes"},"schema":{"@context":"https:\/\/schema.org","@graph":[{"@type":"WebPage","@id":"https:\/\/www.psyceliapourchayre.fr\/?page_id=27","url":"https:\/\/www.psyceliapourchayre.fr\/?page_id=27","name":"Mes outils - C\u00e9lia Pourchayre - Psychologue","isPartOf":{"@id":"https:\/\/www.psyceliapourchayre.fr\/#website"},"datePublished":"2021-05-04T12:34:34+00:00","dateModified":"2021-09-28T14:20:01+00:00","breadcrumb":{"@id":"https:\/\/www.psyceliapourchayre.fr\/?page_id=27#breadcrumb"},"inLanguage":"fr-FR","potentialAction":[{"@type":"ReadAction","target":["https:\/\/www.psyceliapourchayre.fr\/?page_id=27"]}]},{"@type":"BreadcrumbList","@id":"https:\/\/www.psyceliapourchayre.fr\/?page_id=27#breadcrumb","itemListElement":[{"@type":"ListItem","position":1,"name":"Accueil","item":"https:\/\/www.psyceliapourchayre.fr\/"},{"@type":"ListItem","position":2,"name":"Mes outils"}]},{"@type":"WebSite","@id":"https:\/\/www.psyceliapourchayre.fr\/#website","url":"https:\/\/www.psyceliapourchayre.fr\/","name":"C\u00e9lia Pourchayre - Psychologue","description":"Avec vous, autour de votre objectif, de vos ressentis et de vos \u00e9motions.","potentialAction":[{"@type":"SearchAction","target":{"@type":"EntryPoint","urlTemplate":"https:\/\/www.psyceliapourchayre.fr\/?s={search_term_string}"},"query-input":{"@type":"PropertyValueSpecification","valueRequired":true,"valueName":"search_term_string"}}],"inLanguage":"fr-FR"}]}},"_links":{"self":[{"href":"https:\/\/www.psyceliapourchayre.fr\/index.php?rest_route=\/wp\/v2\/pages\/27","targetHints":{"allow":["GET"]}}],"collection":[{"href":"https:\/\/www.psyceliapourchayre.fr\/index.php?rest_route=\/wp\/v2\/pages"}],"about":[{"href":"https:\/\/www.psyceliapourchayre.fr\/index.php?rest_route=\/wp\/v2\/types\/page"}],"author":[{"embeddable":true,"href":"https:\/\/www.psyceliapourchayre.fr\/index.php?rest_route=\/wp\/v2\/users\/1"}],"replies":[{"embeddable":true,"href":"https:\/\/www.psyceliapourchayre.fr\/index.php?rest_route=%2Fwp%2Fv2%2Fcomments&post=27"}],"version-history":[{"count":29,"href":"https:\/\/www.psyceliapourchayre.fr\/index.php?rest_route=\/wp\/v2\/pages\/27\/revisions"}],"predecessor-version":[{"id":545,"href":"https:\/\/www.psyceliapourchayre.fr\/index.php?rest_route=\/wp\/v2\/pages\/27\/revisions\/545"}],"wp:attachment":[{"href":"https:\/\/www.psyceliapourchayre.fr\/index.php?rest_route=%2Fwp%2Fv2%2Fmedia&parent=27"}],"curies":[{"name":"wp","href":"https:\/\/api.w.org\/{rel}","templated":true}]}}