{"id":29,"date":"2021-05-04T16:30:51","date_gmt":"2021-05-04T15:30:51","guid":{"rendered":"http:\/\/www.psyceliapourchayre.fr\/?page_id=29"},"modified":"2021-09-28T15:19:53","modified_gmt":"2021-09-28T14:19:53","slug":"le-cabinet","status":"publish","type":"page","link":"https:\/\/www.psyceliapourchayre.fr\/?page_id=29","title":{"rendered":"Le cabinet"},"content":{"rendered":"<h1><span style=\"color: #404d69;\">O\u00f9 se trouve le cabinet ?<img fetchpriority=\"high\" decoding=\"async\" class=\"alignright wp-image-425 size-medium\" title=\"centre sante 48\" src=\"http:\/\/psyceliapourchayre.fr\/wp-content\/uploads\/2016\/05\/centre-sante-48-300x225.jpg\" alt=\"centre sante 48\" width=\"300\" height=\"225\" srcset=\"http:\/\/psyceliapourchayre.fr\/wp-content\/uploads\/2016\/05\/centre-sante-48-300x225.jpg 300w, http:\/\/psyceliapourchayre.fr\/wp-content\/uploads\/2016\/05\/centre-sante-48.jpg 640w\" sizes=\"(max-width: 300px) 100vw, 300px\" \/><\/span><\/h1>\n<p>Je vous accueille au <strong>48 avenue du G\u00e9n\u00e9ral de Gaulle \u00e0 Saint Germain L\u00e8s Arpajon<\/strong>, \u00e0 500 m de la mairie d&rsquo;Arpajon, \u00e0 1,2 km de la gare la Norville, \u00e0 3 minutes de la N20 (sortie D449 direction Arpajon).<\/p>\n<p>Le cabinet, ouvert depuis novembre 2015,\u00a0est un centre de sant\u00e9 accueillant une \u00e9quipe pluri-disciplinaire : ost\u00e9opathes, infirmi\u00e8res, gyn\u00e9cologue, sage-femme, bien-\u00eatre, hypnotiseur, psychanalyste, &#8230;<\/p>\n<p><img decoding=\"async\" class=\"wp-image-328 alignnone\" title=\"Logo centre 48\" src=\"http:\/\/psyceliapourchayre.fr\/wp-content\/uploads\/2016\/04\/logo_ctre_sante_rectangle_vec-300x75.jpg\" alt=\"centre de sant\u00e9 48\" width=\"200\" height=\"50\" srcset=\"http:\/\/psyceliapourchayre.fr\/wp-content\/uploads\/2016\/04\/logo_ctre_sante_rectangle_vec-300x75.jpg 300w, http:\/\/psyceliapourchayre.fr\/wp-content\/uploads\/2016\/04\/logo_ctre_sante_rectangle_vec-768x193.jpg 768w, http:\/\/psyceliapourchayre.fr\/wp-content\/uploads\/2016\/04\/logo_ctre_sante_rectangle_vec.jpg 827w\" sizes=\"(max-width: 200px) 100vw, 200px\" \/><\/p>\n<h1 style=\"text-align: left;\"><\/h1>\n<h1 style=\"text-align: left;\"><span style=\"color: #404d69;\">Quels mat\u00e9riels j&rsquo;utilise ?<\/span><\/h1>\n<p>Je mets \u00e0 disposition :<\/p>\n<p>&#8211; Pour les plus jeunes :\u00a0un bureau d\u2019enfant avec du mat\u00e9riel permettant de laisser libre court \u00e0 l\u2019imagination.<\/p>\n<p>&#8211; Pour les adolescents ou les adultes : l\u2019expression artistique est \u00e9galement possible, tout autant que les entretiens cliniques en face \u00e0 face.<\/p>\n<p>&#8211; Une table de manipulation ou un tapis sont \u00e9galement propos\u00e9s pour les diff\u00e9rentes techniques d\u2019int\u00e9gration des r\u00e9flexes, le brain gym ou la r\u00e9\u00e9quilibration.<\/p>\n<p><img decoding=\"async\" class=\"aligncenter wp-image-478\" src=\"http:\/\/psyceliapourchayre.fr\/wp-content\/uploads\/2016\/05\/IMG_6981-1024x768.jpg\" alt=\"cabinet de th\u00e9rapie C\u00e9lia Pourchayre centre 48 \" width=\"500\" height=\"375\" srcset=\"http:\/\/psyceliapourchayre.fr\/wp-content\/uploads\/2016\/05\/IMG_6981-1024x768.jpg 1024w, http:\/\/psyceliapourchayre.fr\/wp-content\/uploads\/2016\/05\/IMG_6981-300x225.jpg 300w, http:\/\/psyceliapourchayre.fr\/wp-content\/uploads\/2016\/05\/IMG_6981-768x576.jpg 768w\" sizes=\"(max-width: 500px) 100vw, 500px\" \/><\/p>\n<p><img loading=\"lazy\" decoding=\"async\" class=\"aligncenter wp-image-468\" src=\"http:\/\/psyceliapourchayre.fr\/wp-content\/uploads\/2016\/05\/IMG_5572-1024x683.jpg\" alt=\"Cabinet C\u00e9lia Pourchayre\" width=\"500\" height=\"333\" srcset=\"http:\/\/psyceliapourchayre.fr\/wp-content\/uploads\/2016\/05\/IMG_5572-1024x683.jpg 1024w, http:\/\/psyceliapourchayre.fr\/wp-content\/uploads\/2016\/05\/IMG_5572-300x200.jpg 300w, http:\/\/psyceliapourchayre.fr\/wp-content\/uploads\/2016\/05\/IMG_5572-768x512.jpg 768w\" sizes=\"(max-width: 500px) 100vw, 500px\" \/><\/p>\n<p><img loading=\"lazy\" decoding=\"async\" class=\"aligncenter wp-image-565\" src=\"http:\/\/psyceliapourchayre.fr\/wp-content\/uploads\/2016\/05\/IMG_7002-1-1024x584.jpg\" alt=\"cabinet celia pourchayre\" width=\"500\" height=\"285\" srcset=\"http:\/\/psyceliapourchayre.fr\/wp-content\/uploads\/2016\/05\/IMG_7002-1-1024x584.jpg 1024w, http:\/\/psyceliapourchayre.fr\/wp-content\/uploads\/2016\/05\/IMG_7002-1-300x171.jpg 300w, http:\/\/psyceliapourchayre.fr\/wp-content\/uploads\/2016\/05\/IMG_7002-1-768x438.jpg 768w, http:\/\/psyceliapourchayre.fr\/wp-content\/uploads\/2016\/05\/IMG_7002-1.jpg 1200w\" sizes=\"(max-width: 500px) 100vw, 500px\" \/><br \/>\n<img loading=\"lazy\" decoding=\"async\" class=\"alignnone wp-image-367 size-medium\" title=\"C\u00e9lia Pourchayre centre 48\" src=\"http:\/\/psyceliapourchayre.fr\/wp-content\/uploads\/2016\/05\/P1010024-e1491558643149-225x300.jpg\" alt=\"salle d'attente centre 48\" width=\"225\" height=\"300\" srcset=\"http:\/\/psyceliapourchayre.fr\/wp-content\/uploads\/2016\/05\/P1010024-e1491558643149-225x300.jpg 225w, http:\/\/psyceliapourchayre.fr\/wp-content\/uploads\/2016\/05\/P1010024-e1491558643149-768x1024.jpg 768w\" sizes=\"(max-width: 225px) 100vw, 225px\" \/>\u00a0 \u00a0\u00a0<img loading=\"lazy\" decoding=\"async\" class=\"alignnone wp-image-568\" src=\"http:\/\/psyceliapourchayre.fr\/wp-content\/uploads\/2016\/05\/IMG_5555-300x200.jpg\" alt=\"cabinet de sant\u00e9 48\" width=\"450\" height=\"300\" srcset=\"http:\/\/psyceliapourchayre.fr\/wp-content\/uploads\/2016\/05\/IMG_5555-300x200.jpg 300w, http:\/\/psyceliapourchayre.fr\/wp-content\/uploads\/2016\/05\/IMG_5555-768x512.jpg 768w, http:\/\/psyceliapourchayre.fr\/wp-content\/uploads\/2016\/05\/IMG_5555-1024x683.jpg 1024w, http:\/\/psyceliapourchayre.fr\/wp-content\/uploads\/2016\/05\/IMG_5555.jpg 1200w\" sizes=\"(max-width: 450px) 100vw, 450px\" \/>\u00a0\u00a0\u00a0\u00a0<img loading=\"lazy\" decoding=\"async\" class=\"alignnone size-medium wp-image-576\" src=\"http:\/\/psyceliapourchayre.fr\/wp-content\/uploads\/2016\/05\/IMG_5585-1-200x300.jpg\" alt=\"cabinet sant\u00e9 48\" width=\"200\" height=\"300\" srcset=\"http:\/\/psyceliapourchayre.fr\/wp-content\/uploads\/2016\/05\/IMG_5585-1-200x300.jpg 200w, http:\/\/psyceliapourchayre.fr\/wp-content\/uploads\/2016\/05\/IMG_5585-1-768x1152.jpg 768w, http:\/\/psyceliapourchayre.fr\/wp-content\/uploads\/2016\/05\/IMG_5585-1-683x1024.jpg 683w, http:\/\/psyceliapourchayre.fr\/wp-content\/uploads\/2016\/05\/IMG_5585-1.jpg 1200w\" sizes=\"(max-width: 200px) 100vw, 200px\" \/><\/p>\n","protected":false},"excerpt":{"rendered":"<p>O\u00f9 se trouve le cabinet ? Je vous accueille au 48 avenue du G\u00e9n\u00e9ral de Gaulle \u00e0 Saint Germain L\u00e8s Arpajon, \u00e0 500 m de la mairie d&rsquo;Arpajon, \u00e0 1,2 km de la gare la Norville, \u00e0 3 minutes de&hellip; <\/p>\n","protected":false},"author":1,"featured_media":0,"parent":0,"menu_order":0,"comment_status":"closed","ping_status":"closed","template":"","meta":{"footnotes":""},"class_list":["post-29","page","type-page","status-publish","hentry"],"yoast_head":"<!-- This site is optimized with the Yoast SEO plugin v27.4 - https:\/\/yoast.com\/product\/yoast-seo-wordpress\/ -->\n<title>Le cabinet - C\u00e9lia Pourchayre - Psychologue<\/title>\n<meta name=\"description\" content=\"Situ\u00e9 au pied de la gare de St Michel sur Orge, le cabinet vous accueille dans les meilleures conditions pour atteindre ensemble vos objectifs.\" \/>\n<meta name=\"robots\" content=\"index, follow, max-snippet:-1, max-image-preview:large, max-video-preview:-1\" \/>\n<link rel=\"canonical\" href=\"https:\/\/www.psyceliapourchayre.fr\/?page_id=29\" \/>\n<meta property=\"og:locale\" content=\"fr_FR\" \/>\n<meta property=\"og:type\" content=\"article\" \/>\n<meta property=\"og:title\" content=\"Le cabinet - C\u00e9lia Pourchayre - Psychologue\" \/>\n<meta property=\"og:description\" content=\"Situ\u00e9 au pied de la gare de St Michel sur Orge, le cabinet vous accueille dans les meilleures conditions pour atteindre ensemble vos objectifs.\" \/>\n<meta property=\"og:url\" content=\"https:\/\/www.psyceliapourchayre.fr\/?page_id=29\" \/>\n<meta property=\"og:site_name\" content=\"C\u00e9lia Pourchayre - Psychologue\" \/>\n<meta property=\"article:modified_time\" content=\"2021-09-28T14:19:53+00:00\" \/>\n<meta property=\"og:image\" content=\"http:\/\/psyceliapourchayre.fr\/wp-content\/uploads\/2016\/05\/centre-sante-48-300x225.jpg\" \/>\n<meta name=\"twitter:card\" content=\"summary_large_image\" \/>\n<meta name=\"twitter:label1\" content=\"Dur\u00e9e de lecture estim\u00e9e\" \/>\n\t<meta name=\"twitter:data1\" content=\"3 minutes\" \/>\n<script type=\"application\/ld+json\" class=\"yoast-schema-graph\">{\"@context\":\"https:\\\/\\\/schema.org\",\"@graph\":[{\"@type\":\"WebPage\",\"@id\":\"https:\\\/\\\/www.psyceliapourchayre.fr\\\/?page_id=29\",\"url\":\"https:\\\/\\\/www.psyceliapourchayre.fr\\\/?page_id=29\",\"name\":\"Le cabinet - C\u00e9lia Pourchayre - Psychologue\",\"isPartOf\":{\"@id\":\"https:\\\/\\\/www.psyceliapourchayre.fr\\\/#website\"},\"primaryImageOfPage\":{\"@id\":\"https:\\\/\\\/www.psyceliapourchayre.fr\\\/?page_id=29#primaryimage\"},\"image\":{\"@id\":\"https:\\\/\\\/www.psyceliapourchayre.fr\\\/?page_id=29#primaryimage\"},\"thumbnailUrl\":\"http:\\\/\\\/psyceliapourchayre.fr\\\/wp-content\\\/uploads\\\/2016\\\/05\\\/centre-sante-48-300x225.jpg\",\"datePublished\":\"2021-05-04T15:30:51+00:00\",\"dateModified\":\"2021-09-28T14:19:53+00:00\",\"description\":\"Situ\u00e9 au pied de la gare de St Michel sur Orge, le cabinet vous accueille dans les meilleures conditions pour atteindre ensemble vos objectifs.\",\"breadcrumb\":{\"@id\":\"https:\\\/\\\/www.psyceliapourchayre.fr\\\/?page_id=29#breadcrumb\"},\"inLanguage\":\"fr-FR\",\"potentialAction\":[{\"@type\":\"ReadAction\",\"target\":[\"https:\\\/\\\/www.psyceliapourchayre.fr\\\/?page_id=29\"]}]},{\"@type\":\"ImageObject\",\"inLanguage\":\"fr-FR\",\"@id\":\"https:\\\/\\\/www.psyceliapourchayre.fr\\\/?page_id=29#primaryimage\",\"url\":\"http:\\\/\\\/psyceliapourchayre.fr\\\/wp-content\\\/uploads\\\/2016\\\/05\\\/centre-sante-48-300x225.jpg\",\"contentUrl\":\"http:\\\/\\\/psyceliapourchayre.fr\\\/wp-content\\\/uploads\\\/2016\\\/05\\\/centre-sante-48-300x225.jpg\"},{\"@type\":\"BreadcrumbList\",\"@id\":\"https:\\\/\\\/www.psyceliapourchayre.fr\\\/?page_id=29#breadcrumb\",\"itemListElement\":[{\"@type\":\"ListItem\",\"position\":1,\"name\":\"Accueil\",\"item\":\"https:\\\/\\\/www.psyceliapourchayre.fr\\\/\"},{\"@type\":\"ListItem\",\"position\":2,\"name\":\"Le cabinet\"}]},{\"@type\":\"WebSite\",\"@id\":\"https:\\\/\\\/www.psyceliapourchayre.fr\\\/#website\",\"url\":\"https:\\\/\\\/www.psyceliapourchayre.fr\\\/\",\"name\":\"C\u00e9lia Pourchayre - Psychologue\",\"description\":\"Avec vous, autour de votre objectif, de vos ressentis et de vos \u00e9motions.\",\"potentialAction\":[{\"@type\":\"SearchAction\",\"target\":{\"@type\":\"EntryPoint\",\"urlTemplate\":\"https:\\\/\\\/www.psyceliapourchayre.fr\\\/?s={search_term_string}\"},\"query-input\":{\"@type\":\"PropertyValueSpecification\",\"valueRequired\":true,\"valueName\":\"search_term_string\"}}],\"inLanguage\":\"fr-FR\"}]}<\/script>\n<!-- \/ Yoast SEO plugin. -->","yoast_head_json":{"title":"Le cabinet - C\u00e9lia Pourchayre - Psychologue","description":"Situ\u00e9 au pied de la gare de St Michel sur Orge, le cabinet vous accueille dans les meilleures conditions pour atteindre ensemble vos objectifs.","robots":{"index":"index","follow":"follow","max-snippet":"max-snippet:-1","max-image-preview":"max-image-preview:large","max-video-preview":"max-video-preview:-1"},"canonical":"https:\/\/www.psyceliapourchayre.fr\/?page_id=29","og_locale":"fr_FR","og_type":"article","og_title":"Le cabinet - C\u00e9lia Pourchayre - Psychologue","og_description":"Situ\u00e9 au pied de la gare de St Michel sur Orge, le cabinet vous accueille dans les meilleures conditions pour atteindre ensemble vos objectifs.","og_url":"https:\/\/www.psyceliapourchayre.fr\/?page_id=29","og_site_name":"C\u00e9lia Pourchayre - Psychologue","article_modified_time":"2021-09-28T14:19:53+00:00","og_image":[{"url":"http:\/\/psyceliapourchayre.fr\/wp-content\/uploads\/2016\/05\/centre-sante-48-300x225.jpg","type":"","width":"","height":""}],"twitter_card":"summary_large_image","twitter_misc":{"Dur\u00e9e de lecture estim\u00e9e":"3 minutes"},"schema":{"@context":"https:\/\/schema.org","@graph":[{"@type":"WebPage","@id":"https:\/\/www.psyceliapourchayre.fr\/?page_id=29","url":"https:\/\/www.psyceliapourchayre.fr\/?page_id=29","name":"Le cabinet - C\u00e9lia Pourchayre - Psychologue","isPartOf":{"@id":"https:\/\/www.psyceliapourchayre.fr\/#website"},"primaryImageOfPage":{"@id":"https:\/\/www.psyceliapourchayre.fr\/?page_id=29#primaryimage"},"image":{"@id":"https:\/\/www.psyceliapourchayre.fr\/?page_id=29#primaryimage"},"thumbnailUrl":"http:\/\/psyceliapourchayre.fr\/wp-content\/uploads\/2016\/05\/centre-sante-48-300x225.jpg","datePublished":"2021-05-04T15:30:51+00:00","dateModified":"2021-09-28T14:19:53+00:00","description":"Situ\u00e9 au pied de la gare de St Michel sur Orge, le cabinet vous accueille dans les meilleures conditions pour atteindre ensemble vos objectifs.","breadcrumb":{"@id":"https:\/\/www.psyceliapourchayre.fr\/?page_id=29#breadcrumb"},"inLanguage":"fr-FR","potentialAction":[{"@type":"ReadAction","target":["https:\/\/www.psyceliapourchayre.fr\/?page_id=29"]}]},{"@type":"ImageObject","inLanguage":"fr-FR","@id":"https:\/\/www.psyceliapourchayre.fr\/?page_id=29#primaryimage","url":"http:\/\/psyceliapourchayre.fr\/wp-content\/uploads\/2016\/05\/centre-sante-48-300x225.jpg","contentUrl":"http:\/\/psyceliapourchayre.fr\/wp-content\/uploads\/2016\/05\/centre-sante-48-300x225.jpg"},{"@type":"BreadcrumbList","@id":"https:\/\/www.psyceliapourchayre.fr\/?page_id=29#breadcrumb","itemListElement":[{"@type":"ListItem","position":1,"name":"Accueil","item":"https:\/\/www.psyceliapourchayre.fr\/"},{"@type":"ListItem","position":2,"name":"Le cabinet"}]},{"@type":"WebSite","@id":"https:\/\/www.psyceliapourchayre.fr\/#website","url":"https:\/\/www.psyceliapourchayre.fr\/","name":"C\u00e9lia Pourchayre - Psychologue","description":"Avec vous, autour de votre objectif, de vos ressentis et de vos \u00e9motions.","potentialAction":[{"@type":"SearchAction","target":{"@type":"EntryPoint","urlTemplate":"https:\/\/www.psyceliapourchayre.fr\/?s={search_term_string}"},"query-input":{"@type":"PropertyValueSpecification","valueRequired":true,"valueName":"search_term_string"}}],"inLanguage":"fr-FR"}]}},"_links":{"self":[{"href":"https:\/\/www.psyceliapourchayre.fr\/index.php?rest_route=\/wp\/v2\/pages\/29","targetHints":{"allow":["GET"]}}],"collection":[{"href":"https:\/\/www.psyceliapourchayre.fr\/index.php?rest_route=\/wp\/v2\/pages"}],"about":[{"href":"https:\/\/www.psyceliapourchayre.fr\/index.php?rest_route=\/wp\/v2\/types\/page"}],"author":[{"embeddable":true,"href":"https:\/\/www.psyceliapourchayre.fr\/index.php?rest_route=\/wp\/v2\/users\/1"}],"replies":[{"embeddable":true,"href":"https:\/\/www.psyceliapourchayre.fr\/index.php?rest_route=%2Fwp%2Fv2%2Fcomments&post=29"}],"version-history":[{"count":75,"href":"https:\/\/www.psyceliapourchayre.fr\/index.php?rest_route=\/wp\/v2\/pages\/29\/revisions"}],"predecessor-version":[{"id":578,"href":"https:\/\/www.psyceliapourchayre.fr\/index.php?rest_route=\/wp\/v2\/pages\/29\/revisions\/578"}],"wp:attachment":[{"href":"https:\/\/www.psyceliapourchayre.fr\/index.php?rest_route=%2Fwp%2Fv2%2Fmedia&parent=29"}],"curies":[{"name":"wp","href":"https:\/\/api.w.org\/{rel}","templated":true}]}}