{"id":31,"date":"2016-05-04T13:34:50","date_gmt":"2016-05-04T12:34:50","guid":{"rendered":"http:\/\/www.psyceliapourchayre.fr\/?page_id=31"},"modified":"2016-05-13T15:06:58","modified_gmt":"2016-05-13T14:06:58","slug":"quelques-references","status":"publish","type":"page","link":"https:\/\/www.psyceliapourchayre.fr\/?page_id=31","title":{"rendered":"Quelques r\u00e9f\u00e9rences"},"content":{"rendered":"<p>Voici quelques r\u00e9f\u00e9rences pour vous aider \u00e0 comprendre et \u00e0 appr\u00e9hender les outils et les m\u00e9thodes que j&rsquo;utilise.<\/p>\n<p>&nbsp;<\/p>\n<h2>Articles de RMT<\/h2>\n<p><a href=\"http:\/\/mouvement-et-apprentissage.net\/documents\/reflexes_primitifs_pk36.pdf\">http:\/\/mouvement-et-apprentissage.net\/documents\/reflexes_primitifs_pk36.pdf<\/a><\/p>\n<p><a href=\"http:\/\/mouvement-et-apprentissage.net\/documents\/Propos.pdf\">http:\/\/mouvement-et-apprentissage.net\/documents\/Propos.pdf<\/a><\/p>\n<h2><\/h2>\n<h2>Livres<\/h2>\n<p>\u00ab\u00a0Apprendre Autrement avec la P\u00e9dagogie Positive &#8211; A la maison et \u00e0 l&rsquo;\u00e9cole, (re)donnez \u00e0 vos enfants le go\u00fbt d&rsquo;apprendre\u00a0\u00bb<br \/>\nD&rsquo;Audrey Akoun et Isabelle Pailleau (2013)<\/p>\n<p>\u00ab\u00a0Apprendre par le mouvement\u00a0\u00bb &#8211; Broch\u00e9<br \/>\nde Paul Dennison (Auteur), Laurent Strim (Traduction) &#8211; 2014<\/p>\n<p>\u00ab\u00a0Le cerveau de votre enfant &#8211;\u00a0La bible de l&rsquo;\u00e9ducation positive\u00a0\u00bb<br \/>\nDaniel J. Siegel (Auteur) Tina Paine-Bryson (Auteur) Isabelle Filliozat (Pr\u00e9face) Carole Delporte (Traduction) &#8211;\u00a0mai 2015 Guide (broch\u00e9)<\/p>\n<p><img decoding=\"async\" class=\"alignleft wp-image-195\" src=\"http:\/\/psyceliapourchayre.fr\/wp-content\/uploads\/2016\/05\/pedagogie-positive-239x300.jpg\" alt=\"pedagogie-positive\" width=\"118\" height=\"148\" srcset=\"http:\/\/psyceliapourchayre.fr\/wp-content\/uploads\/2016\/05\/pedagogie-positive-239x300.jpg 239w, http:\/\/psyceliapourchayre.fr\/wp-content\/uploads\/2016\/05\/pedagogie-positive.jpg 260w\" sizes=\"(max-width: 118px) 100vw, 118px\" \/><img decoding=\"async\" class=\"wp-image-193 alignleft\" src=\"http:\/\/psyceliapourchayre.fr\/wp-content\/uploads\/2016\/05\/apprendre-mouvement-201x300.jpg\" alt=\"apprendre-mouvement\" width=\"99\" height=\"147\" srcset=\"http:\/\/psyceliapourchayre.fr\/wp-content\/uploads\/2016\/05\/apprendre-mouvement-201x300.jpg 201w, http:\/\/psyceliapourchayre.fr\/wp-content\/uploads\/2016\/05\/apprendre-mouvement.jpg 335w\" sizes=\"(max-width: 99px) 100vw, 99px\" \/><img decoding=\"async\" class=\"wp-image-194 alignleft\" src=\"http:\/\/psyceliapourchayre.fr\/wp-content\/uploads\/2016\/05\/cerveau-enfant-300x300.jpg\" alt=\"cerveau-enfant\" width=\"149\" height=\"149\" srcset=\"http:\/\/psyceliapourchayre.fr\/wp-content\/uploads\/2016\/05\/cerveau-enfant-300x300.jpg 300w, http:\/\/psyceliapourchayre.fr\/wp-content\/uploads\/2016\/05\/cerveau-enfant-150x150.jpg 150w, http:\/\/psyceliapourchayre.fr\/wp-content\/uploads\/2016\/05\/cerveau-enfant-230x230.jpg 230w, http:\/\/psyceliapourchayre.fr\/wp-content\/uploads\/2016\/05\/cerveau-enfant-80x80.jpg 80w, http:\/\/psyceliapourchayre.fr\/wp-content\/uploads\/2016\/05\/cerveau-enfant.jpg 340w\" sizes=\"(max-width: 149px) 100vw, 149px\" \/><\/p>\n<p>&nbsp;<\/p>\n<p>&nbsp;<\/p>\n<h2><\/h2>\n<h2><\/h2>\n<h2><\/h2>\n<p>&nbsp;<\/p>\n<h2><\/h2>\n<p>&nbsp;<\/p>\n<h2>Articles<\/h2>\n<p>Article d&rsquo;Eric Jensen tir\u00e9 de la revue \u00ab\u00a0Educational Leadership\u00a0\u00bb de Novembre 2000<br \/>\n<a href=\"http:\/\/psyceliapourchayre.fr\/wp-content\/uploads\/2016\/05\/article_jensen.pdf\" target=\"_blank\">Lire l&rsquo;article<\/a><\/p>\n","protected":false},"excerpt":{"rendered":"<p>Voici quelques r\u00e9f\u00e9rences pour vous aider \u00e0 comprendre et \u00e0 appr\u00e9hender les outils et les m\u00e9thodes que j&rsquo;utilise. &nbsp; Articles de RMT http:\/\/mouvement-et-apprentissage.net\/documents\/reflexes_primitifs_pk36.pdf http:\/\/mouvement-et-apprentissage.net\/documents\/Propos.pdf Livres \u00ab\u00a0Apprendre Autrement avec la P\u00e9dagogie Positive &#8211; A la maison et \u00e0 l&rsquo;\u00e9cole, (re)donnez \u00e0&hellip; <\/p>\n","protected":false},"author":1,"featured_media":0,"parent":0,"menu_order":0,"comment_status":"closed","ping_status":"closed","template":"","meta":{"footnotes":""},"class_list":["post-31","page","type-page","status-publish","hentry"],"yoast_head":"<!-- This site is optimized with the Yoast SEO plugin v27.4 - https:\/\/yoast.com\/product\/yoast-seo-wordpress\/ -->\n<title>Quelques r\u00e9f\u00e9rences - C\u00e9lia Pourchayre - Psychologue<\/title>\n<meta name=\"description\" content=\"Voici quelques r\u00e9f\u00e9rences pour vous aider \u00e0 comprendre et \u00e0 appr\u00e9hender les outils et les m\u00e9thodes que j&#039;utilise : articles de presse, livres et parutions.\" \/>\n<meta name=\"robots\" content=\"index, follow, max-snippet:-1, max-image-preview:large, max-video-preview:-1\" \/>\n<link rel=\"canonical\" href=\"https:\/\/www.psyceliapourchayre.fr\/?page_id=31\" \/>\n<meta property=\"og:locale\" content=\"fr_FR\" \/>\n<meta property=\"og:type\" content=\"article\" \/>\n<meta property=\"og:title\" content=\"Quelques r\u00e9f\u00e9rences - C\u00e9lia Pourchayre - Psychologue\" \/>\n<meta property=\"og:description\" content=\"Voici quelques r\u00e9f\u00e9rences pour vous aider \u00e0 comprendre et \u00e0 appr\u00e9hender les outils et les m\u00e9thodes que j&#039;utilise : articles de presse, livres et parutions.\" \/>\n<meta property=\"og:url\" content=\"https:\/\/www.psyceliapourchayre.fr\/?page_id=31\" \/>\n<meta property=\"og:site_name\" content=\"C\u00e9lia Pourchayre - Psychologue\" \/>\n<meta property=\"article:modified_time\" content=\"2016-05-13T14:06:58+00:00\" \/>\n<meta property=\"og:image\" content=\"http:\/\/psyceliapourchayre.fr\/wp-content\/uploads\/2016\/05\/pedagogie-positive-239x300.jpg\" \/>\n<meta name=\"twitter:card\" content=\"summary_large_image\" \/>\n<meta name=\"twitter:label1\" content=\"Dur\u00e9e de lecture estim\u00e9e\" \/>\n\t<meta name=\"twitter:data1\" content=\"1 minute\" \/>\n<script type=\"application\/ld+json\" class=\"yoast-schema-graph\">{\"@context\":\"https:\\\/\\\/schema.org\",\"@graph\":[{\"@type\":\"WebPage\",\"@id\":\"https:\\\/\\\/www.psyceliapourchayre.fr\\\/?page_id=31\",\"url\":\"https:\\\/\\\/www.psyceliapourchayre.fr\\\/?page_id=31\",\"name\":\"Quelques r\u00e9f\u00e9rences - C\u00e9lia Pourchayre - Psychologue\",\"isPartOf\":{\"@id\":\"https:\\\/\\\/www.psyceliapourchayre.fr\\\/#website\"},\"primaryImageOfPage\":{\"@id\":\"https:\\\/\\\/www.psyceliapourchayre.fr\\\/?page_id=31#primaryimage\"},\"image\":{\"@id\":\"https:\\\/\\\/www.psyceliapourchayre.fr\\\/?page_id=31#primaryimage\"},\"thumbnailUrl\":\"http:\\\/\\\/psyceliapourchayre.fr\\\/wp-content\\\/uploads\\\/2016\\\/05\\\/pedagogie-positive-239x300.jpg\",\"datePublished\":\"2016-05-04T12:34:50+00:00\",\"dateModified\":\"2016-05-13T14:06:58+00:00\",\"description\":\"Voici quelques r\u00e9f\u00e9rences pour vous aider \u00e0 comprendre et \u00e0 appr\u00e9hender les outils et les m\u00e9thodes que j'utilise : articles de presse, livres et parutions.\",\"breadcrumb\":{\"@id\":\"https:\\\/\\\/www.psyceliapourchayre.fr\\\/?page_id=31#breadcrumb\"},\"inLanguage\":\"fr-FR\",\"potentialAction\":[{\"@type\":\"ReadAction\",\"target\":[\"https:\\\/\\\/www.psyceliapourchayre.fr\\\/?page_id=31\"]}]},{\"@type\":\"ImageObject\",\"inLanguage\":\"fr-FR\",\"@id\":\"https:\\\/\\\/www.psyceliapourchayre.fr\\\/?page_id=31#primaryimage\",\"url\":\"http:\\\/\\\/psyceliapourchayre.fr\\\/wp-content\\\/uploads\\\/2016\\\/05\\\/pedagogie-positive-239x300.jpg\",\"contentUrl\":\"http:\\\/\\\/psyceliapourchayre.fr\\\/wp-content\\\/uploads\\\/2016\\\/05\\\/pedagogie-positive-239x300.jpg\"},{\"@type\":\"BreadcrumbList\",\"@id\":\"https:\\\/\\\/www.psyceliapourchayre.fr\\\/?page_id=31#breadcrumb\",\"itemListElement\":[{\"@type\":\"ListItem\",\"position\":1,\"name\":\"Accueil\",\"item\":\"https:\\\/\\\/www.psyceliapourchayre.fr\\\/\"},{\"@type\":\"ListItem\",\"position\":2,\"name\":\"Quelques r\u00e9f\u00e9rences\"}]},{\"@type\":\"WebSite\",\"@id\":\"https:\\\/\\\/www.psyceliapourchayre.fr\\\/#website\",\"url\":\"https:\\\/\\\/www.psyceliapourchayre.fr\\\/\",\"name\":\"C\u00e9lia Pourchayre - Psychologue\",\"description\":\"Avec vous, autour de votre objectif, de vos ressentis et de vos \u00e9motions.\",\"potentialAction\":[{\"@type\":\"SearchAction\",\"target\":{\"@type\":\"EntryPoint\",\"urlTemplate\":\"https:\\\/\\\/www.psyceliapourchayre.fr\\\/?s={search_term_string}\"},\"query-input\":{\"@type\":\"PropertyValueSpecification\",\"valueRequired\":true,\"valueName\":\"search_term_string\"}}],\"inLanguage\":\"fr-FR\"}]}<\/script>\n<!-- \/ Yoast SEO plugin. -->","yoast_head_json":{"title":"Quelques r\u00e9f\u00e9rences - C\u00e9lia Pourchayre - Psychologue","description":"Voici quelques r\u00e9f\u00e9rences pour vous aider \u00e0 comprendre et \u00e0 appr\u00e9hender les outils et les m\u00e9thodes que j'utilise : articles de presse, livres et parutions.","robots":{"index":"index","follow":"follow","max-snippet":"max-snippet:-1","max-image-preview":"max-image-preview:large","max-video-preview":"max-video-preview:-1"},"canonical":"https:\/\/www.psyceliapourchayre.fr\/?page_id=31","og_locale":"fr_FR","og_type":"article","og_title":"Quelques r\u00e9f\u00e9rences - C\u00e9lia Pourchayre - Psychologue","og_description":"Voici quelques r\u00e9f\u00e9rences pour vous aider \u00e0 comprendre et \u00e0 appr\u00e9hender les outils et les m\u00e9thodes que j'utilise : articles de presse, livres et parutions.","og_url":"https:\/\/www.psyceliapourchayre.fr\/?page_id=31","og_site_name":"C\u00e9lia Pourchayre - Psychologue","article_modified_time":"2016-05-13T14:06:58+00:00","og_image":[{"url":"http:\/\/psyceliapourchayre.fr\/wp-content\/uploads\/2016\/05\/pedagogie-positive-239x300.jpg","type":"","width":"","height":""}],"twitter_card":"summary_large_image","twitter_misc":{"Dur\u00e9e de lecture estim\u00e9e":"1 minute"},"schema":{"@context":"https:\/\/schema.org","@graph":[{"@type":"WebPage","@id":"https:\/\/www.psyceliapourchayre.fr\/?page_id=31","url":"https:\/\/www.psyceliapourchayre.fr\/?page_id=31","name":"Quelques r\u00e9f\u00e9rences - C\u00e9lia Pourchayre - Psychologue","isPartOf":{"@id":"https:\/\/www.psyceliapourchayre.fr\/#website"},"primaryImageOfPage":{"@id":"https:\/\/www.psyceliapourchayre.fr\/?page_id=31#primaryimage"},"image":{"@id":"https:\/\/www.psyceliapourchayre.fr\/?page_id=31#primaryimage"},"thumbnailUrl":"http:\/\/psyceliapourchayre.fr\/wp-content\/uploads\/2016\/05\/pedagogie-positive-239x300.jpg","datePublished":"2016-05-04T12:34:50+00:00","dateModified":"2016-05-13T14:06:58+00:00","description":"Voici quelques r\u00e9f\u00e9rences pour vous aider \u00e0 comprendre et \u00e0 appr\u00e9hender les outils et les m\u00e9thodes que j'utilise : articles de presse, livres et parutions.","breadcrumb":{"@id":"https:\/\/www.psyceliapourchayre.fr\/?page_id=31#breadcrumb"},"inLanguage":"fr-FR","potentialAction":[{"@type":"ReadAction","target":["https:\/\/www.psyceliapourchayre.fr\/?page_id=31"]}]},{"@type":"ImageObject","inLanguage":"fr-FR","@id":"https:\/\/www.psyceliapourchayre.fr\/?page_id=31#primaryimage","url":"http:\/\/psyceliapourchayre.fr\/wp-content\/uploads\/2016\/05\/pedagogie-positive-239x300.jpg","contentUrl":"http:\/\/psyceliapourchayre.fr\/wp-content\/uploads\/2016\/05\/pedagogie-positive-239x300.jpg"},{"@type":"BreadcrumbList","@id":"https:\/\/www.psyceliapourchayre.fr\/?page_id=31#breadcrumb","itemListElement":[{"@type":"ListItem","position":1,"name":"Accueil","item":"https:\/\/www.psyceliapourchayre.fr\/"},{"@type":"ListItem","position":2,"name":"Quelques r\u00e9f\u00e9rences"}]},{"@type":"WebSite","@id":"https:\/\/www.psyceliapourchayre.fr\/#website","url":"https:\/\/www.psyceliapourchayre.fr\/","name":"C\u00e9lia Pourchayre - Psychologue","description":"Avec vous, autour de votre objectif, de vos ressentis et de vos \u00e9motions.","potentialAction":[{"@type":"SearchAction","target":{"@type":"EntryPoint","urlTemplate":"https:\/\/www.psyceliapourchayre.fr\/?s={search_term_string}"},"query-input":{"@type":"PropertyValueSpecification","valueRequired":true,"valueName":"search_term_string"}}],"inLanguage":"fr-FR"}]}},"_links":{"self":[{"href":"https:\/\/www.psyceliapourchayre.fr\/index.php?rest_route=\/wp\/v2\/pages\/31","targetHints":{"allow":["GET"]}}],"collection":[{"href":"https:\/\/www.psyceliapourchayre.fr\/index.php?rest_route=\/wp\/v2\/pages"}],"about":[{"href":"https:\/\/www.psyceliapourchayre.fr\/index.php?rest_route=\/wp\/v2\/types\/page"}],"author":[{"embeddable":true,"href":"https:\/\/www.psyceliapourchayre.fr\/index.php?rest_route=\/wp\/v2\/users\/1"}],"replies":[{"embeddable":true,"href":"https:\/\/www.psyceliapourchayre.fr\/index.php?rest_route=%2Fwp%2Fv2%2Fcomments&post=31"}],"version-history":[{"count":9,"href":"https:\/\/www.psyceliapourchayre.fr\/index.php?rest_route=\/wp\/v2\/pages\/31\/revisions"}],"predecessor-version":[{"id":199,"href":"https:\/\/www.psyceliapourchayre.fr\/index.php?rest_route=\/wp\/v2\/pages\/31\/revisions\/199"}],"wp:attachment":[{"href":"https:\/\/www.psyceliapourchayre.fr\/index.php?rest_route=%2Fwp%2Fv2%2Fmedia&parent=31"}],"curies":[{"name":"wp","href":"https:\/\/api.w.org\/{rel}","templated":true}]}}